{"id":966,"date":"2018-05-26T11:24:24","date_gmt":"2018-05-26T10:24:24","guid":{"rendered":"https:\/\/dalnicniznamka.info\/articles\/by-car-to-croatia-the-latest-information-on-how-to-save-on-your-trip\/"},"modified":"2023-11-09T22:18:59","modified_gmt":"2023-11-09T21:18:59","slug":"by-car-to-croatia-the-latest-information-on-how-to-save-on-your-trip","status":"publish","type":"page","link":"https:\/\/dalnicniznamka.info\/en\/articles\/by-car-to-croatia-the-latest-information-on-how-to-save-on-your-trip\/","title":{"rendered":"By car to Croatia: the latest information on how to save on your trip"},"content":{"rendered":"\n<p><b><i><strong>It&#8217;s not your first trip to Croatia, but you may not have known about the alternatives, exact times and opportunities to save money along the way. Or do you not have an overview of the current price of vignettes and how they are processed in each country? How does tolling work in Croatia? Here is up-to-date and accurate information.<\/strong><\/i><\/b><\/p>\n\n<p class=\"has-white-color has-luminous-vivid-amber-to-luminous-vivid-orange-gradient-background has-text-color has-background\">CROATIA AND COVID NEWS:  <br\/><a href=\"https:\/\/covid.gov.cz\/situace\/cestovani\" target=\"_blank\" rel=\"noreferrer noopener\">https:\/\/covid.gov.cz\/situace\/cestovani<\/a><\/p>\n\n<h2 class=\"wp-block-heading\"><span style=\"font-weight: 400;\">Itineraries by departure and destination<\/span><\/h2>\n\n<h3 class=\"wp-block-heading\"><span style=\"font-weight: 400;\">Prague \u2192 Split<\/span><\/h3>\n\n<p><span style=\"font-weight: 400;\">The most logical way is <\/span><b>Prague &#8211; Brno &#8211; Vienna &#8211; Graz &#8211; Maribor &#8211; Zagreb &#8211; Split<\/b><span style=\"font-weight: 400;\">.<br\/>The route does not include toll tunnels. <\/span> <\/p>\n\n<p><b>Prague-Split: 1 091 km, 11 h 30 min + breaks.<\/b><\/p>\n\n<p><span style=\"font-weight: 400;\">It is possible to avoid part of D1 by leaving it <\/span><b>by taking the exit to Jihlava and then via Znojmo to Vienna<\/b><span style=\"font-weight: 400;\">. Another option is to go directly to  <\/span><b>\u010cesk\u00e9 Bud\u011bjovice &#8211; Linz &#8211; Wels &#8211; Graz  <\/b><span style=\"font-weight: 400;\">and on and on. The route is only about 30 km longer, on the other side you will encounter 2 toll tunnels, which will cost about 15 \u20ac in total.<\/span><\/p>\n\n<h3 class=\"wp-block-heading\"><span style=\"font-weight: 400;\">Prague \u2192 Istria<\/span><\/h3>\n\n<p><span style=\"font-weight: 400;\">You can reach the west of Croatia <\/span><b>Prague &#8211; \u010cesk\u00e9 Bud\u011bjovice &#8211; Salzburg &#8211; Villach &#8211; Ljubljana &#8211; Istria<\/b><span style=\"font-weight: 400;\">. The downside is again the pay tunnels, together for 20\u20ac.  <\/span><\/p>\n\n<p><b>Prague &#8211; Istria: 801 km, 9 h 30 min + breaks.<\/b><\/p>\n\n<h3 class=\"wp-block-heading\"><span style=\"font-weight: 400;\">Eastern route via Hungary<\/span><\/h3>\n\n<p><span style=\"font-weight: 400;\">Whether you are coming from Prague or Ostrava, it is worth trying one more popular route. It runs from Brno through Slovakia and Hungary and its advantage is  <\/span><b>smooth ride <\/b><span style=\"font-weight: 400;\">and the fact that in Hungary you can <\/span><b>avoid toll roads<\/b><span style=\"font-weight: 400;\">. Just set your GPS to avoid motorways at the Slovak-Hungarian border and you can easily drive through the whole of Hungary.  <\/span><\/p>\n\n<p><b>Prague &#8211; Brno &#8211; Bratislava &#8211; Mosonmagyar\u00f3v\u00e1r &#8211; Szombathely &#8211; Vara\u017edin &#8211; Zagreb &#8211; Split<\/b><span style=\"font-weight: 400;\">. The kilometres are the same, the time is an hour and a bit longer.  <\/span><b>Prague &#8211; Split: 1 085 km, 12 h 45 min + breaks<\/b><span style=\"font-weight: 400;\">. The main issue is that Slovenian and Austrian vignettes are much more expensive. This way you can  <\/span><b>save up to around 1 700 CZK<\/b><span style=\"font-weight: 400;\">!<\/span><\/p>\n\n<p><span style=\"font-weight: 400;\">Here you can find the current price <\/span><a href=\"https:\/\/www.globalpetrolprices.com\/Croatia\/diesel_prices\/\" target=\"_blank\" rel=\"noreferrer noopener\">\n  <span style=\"font-weight: 400;\">diesel<\/span>\n<\/a><span style=\"font-weight: 400;\"> a <\/span><a href=\"https:\/\/www.globalpetrolprices.com\/Croatia\/gasoline_prices\/\" target=\"_blank\" rel=\"noreferrer noopener\">\n  <span style=\"font-weight: 400;\">gasoline<\/span>\n<\/a><span style=\"font-weight: 400;\">.<\/span><\/p>\n\n<p class=\"has-very-light-gray-to-cyan-bluish-gray-gradient-background has-background\">Don&#8217;t forget to leave a note before your trip <strong>\n  <a href=\"https:\/\/www.auto-interiery.cz\/plneni-klimatizaci\/\" target=\"_blank\" rel=\"noreferrer noopener\">check and refill your car&#8217;s air conditioning<\/a>\n<\/strong>. Naturally, the fluid from the air conditioner gradually leaks out, reducing the cooling performance. On a long drive on a hot motorway, you&#8217;ll appreciate it when the cooling works as it should.<\/p>\n\n<figure class=\"wp-block-image size-large\"><a href=\"https:\/\/dalnicniznamka.info\/wp-content\/uploads\/2018\/05\/split.jpeg\"><img loading=\"lazy\" decoding=\"async\" width=\"1024\" height=\"581\" src=\"https:\/\/dalnicniznamka.info\/wp-content\/uploads\/2018\/05\/split-1024x581.jpeg\" alt=\"Split\" class=\"wp-image-103\" srcset=\"https:\/\/dalnicniznamka.info\/wp-content\/uploads\/2018\/05\/split-1024x581.jpeg 1024w, https:\/\/dalnicniznamka.info\/wp-content\/uploads\/2018\/05\/split-300x170.jpeg 300w, https:\/\/dalnicniznamka.info\/wp-content\/uploads\/2018\/05\/split-768x435.jpeg 768w, https:\/\/dalnicniznamka.info\/wp-content\/uploads\/2018\/05\/split.jpeg 1880w\" sizes=\"(max-width: 1024px) 100vw, 1024px\" \/><\/a><\/figure>\n\n<h2 class=\"wp-block-heading\"><span style=\"font-weight: 400;\">Motorway stamps and tolls<\/span><\/h2>\n\n<p>For an up-to-date overview of the fees and options, see our article: <a href=\"https:\/\/dalnicniznamka.info\/en\/?page_id=967\" target=\"_blank\" rel=\"noreferrer noopener\">tolls in European countries<\/a>.<\/p>\n\n<h3 class=\"wp-block-heading\"><span style=\"font-weight: 400;\">Croatia<\/span><\/h3>\n\n<p><span style=\"font-weight: 400;\">Like much of the southern states, <a href=\"https:\/\/dalnicniznamka.info\/mytne-chorvatsko\/\">Croatia operates on the basis of <\/a><\/span><b>\n  <a href=\"https:\/\/dalnicniznamka.info\/mytne-chorvatsko\/\">toll gates<\/a>\n<\/b><span style=\"font-weight: 400;\">. You only pay for the distance travelled by picking up a ticket when you enter the motorway and paying the amount travelled when you leave (<\/span><b>cash, <a href=\"https:\/\/skippay.cz\/karta\" target=\"_blank\" rel=\"noreferrer noopener\">card<\/a> or ENC <\/b><span style=\"font-weight: 400;\">&#8211; electronic box with prepaid credit<\/span>.<span style=\"font-weight: 400;\">  Each payment method has its own dedicated lanes). The route from the border to Zagreb costs 200 CZK and from Zagreb onwards, depending on the distance, from 240 CZK (Rijeka is the nearest town on the coast) to 980 CZK, or to the end of the highway in the south at Plo\u010de. Among them are Zadar (460 CZK), Sibenik (580 CZK), Split (680 CZK) and Makarska (750 CZK).<\/span><\/p>\n\n<p><b><i>How much the trip will cost you depends on the route you choose and the destination location, so it&#8217;s hard to say &#8220;how much it costs on average&#8221;. So let us rather calculate the main amounts:  <\/i><\/b><\/p>\n\n<ul>\n<li><b>\n  <i>petrol will cost you up to 3 000 CZK on the shortest possible way to the sea Brno-Rijeka and back<\/i>\n<\/b> (35 CZK, 7 l consumption)<\/li>\n\n\n\n<li><b><i>on the longest route Prague-Dubrovnik for 6 000 CZK<\/i><\/b><\/li>\n\n\n\n<li><b><i>via Austria and Slovenia, the motorway tolls for a 10-day holiday cost about CZK 1,050 (for a longer holiday it is double that amount).  <\/i><\/b><\/li>\n\n\n\n<li><b><i>In contrast, the route through Slovakia and Hungary is very economical &#8211; if you buy a 10-day Slovak stamp, you will spend only about 260 CZK. If you buy both monthly stamps, you will pay a maximum of CZK 770.  <\/i><\/b><\/li>\n\n\n\n<li><b><i>Prepare for the toll in Croatia for about 820-2,300 CZK depending on the distance you drive.<\/i><\/b><\/li>\n<\/ul>\n","protected":false},"excerpt":{"rendered":"<p>It&#8217;s not your first trip to Croatia, but you may not have known about the alternatives, exact times and opportunities to save money along the way. Or do you not have an overview of the current price of vignettes and how they are processed in each country? How does tolling work in Croatia? Here is&#8230;<\/p>\n","protected":false},"author":1,"featured_media":0,"parent":951,"menu_order":0,"comment_status":"closed","ping_status":"closed","template":"","meta":{"_kad_post_transparent":"","_kad_post_title":"","_kad_post_layout":"","_kad_post_sidebar_id":"","_kad_post_content_style":"","_kad_post_vertical_padding":"","_kad_post_feature":"","_kad_post_feature_position":"","_kad_post_header":false,"_kad_post_footer":false,"footnotes":""},"_links":{"self":[{"href":"https:\/\/dalnicniznamka.info\/en\/wp-json\/wp\/v2\/pages\/966"}],"collection":[{"href":"https:\/\/dalnicniznamka.info\/en\/wp-json\/wp\/v2\/pages"}],"about":[{"href":"https:\/\/dalnicniznamka.info\/en\/wp-json\/wp\/v2\/types\/page"}],"author":[{"embeddable":true,"href":"https:\/\/dalnicniznamka.info\/en\/wp-json\/wp\/v2\/users\/1"}],"replies":[{"embeddable":true,"href":"https:\/\/dalnicniznamka.info\/en\/wp-json\/wp\/v2\/comments?post=966"}],"version-history":[{"count":20,"href":"https:\/\/dalnicniznamka.info\/en\/wp-json\/wp\/v2\/pages\/966\/revisions"}],"predecessor-version":[{"id":1901,"href":"https:\/\/dalnicniznamka.info\/en\/wp-json\/wp\/v2\/pages\/966\/revisions\/1901"}],"up":[{"embeddable":true,"href":"https:\/\/dalnicniznamka.info\/en\/wp-json\/wp\/v2\/pages\/951"}],"wp:attachment":[{"href":"https:\/\/dalnicniznamka.info\/en\/wp-json\/wp\/v2\/media?parent=966"}],"curies":[{"name":"wp","href":"https:\/\/api.w.org\/{rel}","templated":true}]}}