{"id":880,"date":"2020-01-08T10:07:15","date_gmt":"2020-01-08T09:07:15","guid":{"rendered":"https:\/\/dalnicniznamka.info\/motorway-vignette-in-the-czech-republic\/untolled-sections-of-motorways\/"},"modified":"2023-11-09T22:18:55","modified_gmt":"2023-11-09T21:18:55","slug":"untolled-sections-of-motorways","status":"publish","type":"page","link":"https:\/\/dalnicniznamka.info\/en\/motorway-vignette-in-the-czech-republic\/untolled-sections-of-motorways\/","title":{"rendered":"Untolled sections of motorways"},"content":{"rendered":"\n<p><strong>The non-tolled sections of the roads are marked with the sign &#8220;Motorway&#8221; and supplemented with the additional sign &#8220;No time charge&#8221; or &#8220;No time charge and toll&#8221;. You do not need an <a href=\"https:\/\/dalnicniznamka.info\/en\/?page_id=977\">electronic vignette<\/a> to use these roads.  <\/strong><\/p>\n<style>.kb-table-of-content-nav.kb-table-of-content-id141_88552c-0a .kb-table-of-content-wrap{padding-top:var(--global-kb-spacing-sm, 1.5rem);padding-right:var(--global-kb-spacing-sm, 1.5rem);padding-bottom:var(--global-kb-spacing-sm, 1.5rem);padding-left:var(--global-kb-spacing-sm, 1.5rem);}.kb-table-of-content-nav.kb-table-of-content-id141_88552c-0a .kb-table-of-contents-title-wrap{padding-top:0px;padding-right:0px;padding-bottom:0px;padding-left:0px;}.kb-table-of-content-nav.kb-table-of-content-id141_88552c-0a .kb-table-of-contents-title{font-weight:regular;font-style:normal;}.kb-table-of-content-nav.kb-table-of-content-id141_88552c-0a .kb-table-of-content-wrap .kb-table-of-content-list{font-weight:regular;font-style:normal;margin-top:var(--global-kb-spacing-sm, 1.5rem);margin-right:0px;margin-bottom:0px;margin-left:0px;}<\/style><div class=\"wp-block-image\">\n<figure class=\"aligncenter\"><img decoding=\"async\" src=\"https:\/\/www.sfdi.cz\/soubory\/obrazky-clanky\/dk\/dalnice_zacatek_2016.jpg\" alt=\"Brand - Highway\"\/><\/figure><\/div><div class=\"wp-block-image\">\n<figure class=\"aligncenter\"><img decoding=\"async\" src=\"https:\/\/www.sfdi.cz\/soubory\/obrazky-clanky\/dk\/dalnice_bez_p_2016.jpg\" alt=\"Brand - Highway\"\/><\/figure><\/div><div class=\"wp-block-image\">\n<figure class=\"aligncenter\"><img decoding=\"async\" src=\"https:\/\/www.sfdi.cz\/soubory\/obrazky-clanky\/dk\/dalnice_bez_pm_2016.jpg\" alt=\"Brand - Highway\"\/><\/figure><\/div>\n<h2 class=\"wp-block-heading\"><span style=\"color: #ff0000;\"><strong>Prague:<\/strong><\/span><\/h2>\n\n<p><strong>D0<\/strong> K Barrandov Street (from the Prague Ring Road towards Barrandov). (Exit 16)<\/p>\n\n<p><strong>D1<\/strong> Spo\u0159ilov to Chodov (Exit 2)<\/p>\n\n<p><strong>D6<\/strong> Prague to Jene\u010d (Exit 7)<\/p>\n\n<p><strong>D7<\/strong> Prague to Kne\u017eeves (Exit 3)<\/p>\n\n<p><strong>D10<\/strong> Prague to Star\u00e1 Boleslav (Exit 14)<\/p>\n\n<p><strong>D11 <\/strong>Prague to Jirny (Exit 8)<\/p>\n\n<h2 class=\"wp-block-heading\"><span style=\"color: #ff0000;\"><strong>Brno:<\/strong><\/span><\/h2>\n\n<p><strong>D1<\/strong> Holubice to K\u00fdvalka (Exit 182 to 210)<\/p>\n\n<p><strong>D2<\/strong> Brno to Chrlice (Exit 3)<\/p>\n\n<h2 class=\"wp-block-heading\"><span style=\"color: #ff0000;\"><strong>Hradec Kr\u00e1lov\u00e9:<\/strong><\/span><\/h2>\n\n<p><strong>D11<\/strong> Sedlice to Kukleny (Exit 84 to 90)<\/p>\n\n<p><strong>D35<\/strong> Sedlice to Opatovice nad Labem (Exits 126 to 129)<\/p>\n\n<h2 class=\"wp-block-heading\"><span style=\"color: #ff0000;\">Other sections without a vignette:<\/span><\/h2>\n\n<p><strong>D1 <\/strong>Kromeriz bypass (Exit 258 to 260)<\/p>\n\n<p><strong>D1<\/strong> Ostrava-Rudn\u00e1 (Exit 354) to the Polish border<\/p>\n\n<p><strong>D2<\/strong> in the direction to Austria to the rest area near Lan\u017ehot, in the opposite direction the following applies<\/p>\n\n<p><strong>D3<\/strong> in the vicinity of \u010cesk\u00e9 Bud\u011bjovice<\/p>\n\n<p><strong>D3<\/strong> Vesel\u00ed nad Lu\u017enic\u00ed to Bo\u0161ilec<\/p>\n\n<p><strong>D3<\/strong> in the vicinity of T\u00e1bor from \u010cekanice to M\u011b\u0161ice (Exit 76 to 79)<\/p>\n\n<p><strong>D4<\/strong> in the vicinity of P\u00edsek from Radobytec to P\u0159edotice<\/p>\n\n<p><strong>D5<\/strong> bypass Beroun: (Exit E14 &#8211; 22)<\/p>\n\n<p><strong>D5<\/strong> bypass Plze\u0148: Ejpovice to Sulkov (Exit 67-89)<\/p>\n\n<p><strong>D6<\/strong> Cheb to Karlovy vary<\/p>\n\n<p><strong>D6<\/strong> section passing through the village of Lubenec<\/p>\n\n<p><strong>D7<\/strong> Louny to Chomutov<\/p>\n\n<p><strong>D8<\/strong> from the border to Exit 65 (after \u00dast\u00ed n. Labem). In the direction of the border, the toll is from Kn\u00ednice (Exit 80)<\/p>\n\n<p><strong>D10<\/strong> around Mlad\u00e1 Boleslav from Bezd\u011b\u010d\u00edn to Kosmonosy (Exits 39 to 46)<\/p>\n\n<p><strong>D35<\/strong> in the vicinity of Olomouc from K\u0159elov to Holice (Exits 261 to 276)<\/p>\n\n<p><strong>D46<\/strong> Prost\u011bjov-south to Dra\u017eovice (Exits 21 to 26)<\/p>\n\n<p><strong>D46<\/strong> Hn\u011bvot\u00edn to Olomouc-Slavon\u00edn (37th to 39th km)<\/p>\n\n<p><strong>D48<\/strong> from P\u0159\u00edbor to Fr\u00fddek-M\u00edstek<\/p>\n\n<p><strong>D52<\/strong> near Poho\u0159elice from Exit 23 to Exit 26<\/p>\n\n<p><strong>D55<\/strong> from Zl\u00edn to Otrokovice-North, valid from Exit 30<\/p>\n","protected":false},"excerpt":{"rendered":"<p>The non-tolled sections of the roads are marked with the sign &#8220;Motorway&#8221; and supplemented with the additional sign &#8220;No time charge&#8221; or &#8220;No time charge and toll&#8221;. You do not need an electronic vignette to use these roads. Prague: D0 K Barrandov Street (from the Prague Ring Road towards Barrandov). (Exit 16) D1 Spo\u0159ilov to&#8230;<\/p>\n","protected":false},"author":1,"featured_media":0,"parent":822,"menu_order":0,"comment_status":"closed","ping_status":"closed","template":"","meta":{"_kad_post_transparent":"","_kad_post_title":"","_kad_post_layout":"","_kad_post_sidebar_id":"","_kad_post_content_style":"","_kad_post_vertical_padding":"","_kad_post_feature":"","_kad_post_feature_position":"","_kad_post_header":false,"_kad_post_footer":false,"footnotes":""},"_links":{"self":[{"href":"https:\/\/dalnicniznamka.info\/en\/wp-json\/wp\/v2\/pages\/880"}],"collection":[{"href":"https:\/\/dalnicniznamka.info\/en\/wp-json\/wp\/v2\/pages"}],"about":[{"href":"https:\/\/dalnicniznamka.info\/en\/wp-json\/wp\/v2\/types\/page"}],"author":[{"embeddable":true,"href":"https:\/\/dalnicniznamka.info\/en\/wp-json\/wp\/v2\/users\/1"}],"replies":[{"embeddable":true,"href":"https:\/\/dalnicniznamka.info\/en\/wp-json\/wp\/v2\/comments?post=880"}],"version-history":[{"count":20,"href":"https:\/\/dalnicniznamka.info\/en\/wp-json\/wp\/v2\/pages\/880\/revisions"}],"predecessor-version":[{"id":1870,"href":"https:\/\/dalnicniznamka.info\/en\/wp-json\/wp\/v2\/pages\/880\/revisions\/1870"}],"up":[{"embeddable":true,"href":"https:\/\/dalnicniznamka.info\/en\/wp-json\/wp\/v2\/pages\/822"}],"wp:attachment":[{"href":"https:\/\/dalnicniznamka.info\/en\/wp-json\/wp\/v2\/media?parent=880"}],"curies":[{"name":"wp","href":"https:\/\/api.w.org\/{rel}","templated":true}]}}