{"id":834,"date":"2018-05-26T11:00:23","date_gmt":"2018-05-26T10:00:23","guid":{"rendered":"https:\/\/dalnicniznamka.info\/by-car-to-italy-fees-and-best-routes\/"},"modified":"2023-11-09T22:07:59","modified_gmt":"2023-11-09T21:07:59","slug":"by-car-to-italy-fees-and-best-routes","status":"publish","type":"page","link":"https:\/\/dalnicniznamka.info\/en\/by-car-to-italy-fees-and-best-routes\/","title":{"rendered":"By car to Italy: fees and best routes"},"content":{"rendered":"<div class=\"wp-block-image\">\n<figure class=\"alignright\"><a href=\"https:\/\/dalnicniznamka.info\/wp-content\/uploads\/2018\/05\/auta.jpeg\"><img loading=\"lazy\" decoding=\"async\" width=\"300\" height=\"200\" src=\"https:\/\/dalnicniznamka.info\/wp-content\/uploads\/2018\/05\/auta-300x200.jpeg\" alt=\"Cars\" class=\"wp-image-95\" srcset=\"https:\/\/dalnicniznamka.info\/wp-content\/uploads\/2018\/05\/auta-300x200.jpeg 300w, https:\/\/dalnicniznamka.info\/wp-content\/uploads\/2018\/05\/auta-768x512.jpeg 768w, https:\/\/dalnicniznamka.info\/wp-content\/uploads\/2018\/05\/auta-1024x682.jpeg 1024w, https:\/\/dalnicniznamka.info\/wp-content\/uploads\/2018\/05\/auta.jpeg 1880w\" sizes=\"(max-width: 300px) 100vw, 300px\" \/><\/a><\/figure><\/div>\n<p><b><i>There are two main routes to Italy &#8211; the western one via Germany and the southern one via Austria. It depends whether you are coming from the eastern or western part of the country. Here&#8217;s an overview of what you can expect on each route, what the tolls are and how much money the journey will cost you in the end.<\/i><\/b><\/p>\n\n<h2 class=\"wp-block-heading\"><span style=\"font-weight: 400;\">Fastest routes by departure point of arrival<\/span><\/h2>\n\n<p><span style=\"font-weight: 400;\">Brno and Prague represent the western and eastern parts of the country. So we planned the routes from these places.<\/span><\/p>\n\n<h3 class=\"wp-block-heading\"><span style=\"font-weight: 400;\">From Prague to Venice<\/span><\/h3>\n\n<p><span style=\"font-weight: 400;\">The quickest way is this:  <\/span><b>Prague &#8211; \u010cesk\u00e9 Bud\u011bjovice &#8211; Linz &#8211; Salzburg &#8211; Villach &#8211; Udine &#8211; Venice. Prague &#8211; Venice: 9 h, 822 km<\/b><span style=\"font-weight: 400;\">. The following option is slightly longer, but if you prefer a more agile style of riding, you&#8217;ll prefer it. It also runs through Germany, but cars in Germany do not need a vignette.  <\/span><b>Prague &#8211; Pilsen &#8211; Reich &#8211; Munich &#8211; Kufstein &#8211; Innsbruck &#8211; Bolzano &#8211; Verona &#8211; Venice 9 h 15 min, 927 km.<\/b><\/p>\n\n<h3 class=\"wp-block-heading\"><span style=\"font-weight: 400;\">From Prague to Milan<\/span><\/h3>\n\n<p><span style=\"font-weight: 400;\">One way to get to Milan is to take the same route as to Venice via Germany. From Verona, just turn west instead of east and continue the rest of the way to Milan:  <\/span><b>Prague &#8211; Pilsen &#8211; Reich &#8211; Munich &#8211; Kufstein &#8211; Innsbruck &#8211; Bolzano &#8211; Verona &#8211; Milan 10 h, 948 km. <\/b><span style=\"font-weight: 400;\">The second option goes through Germany and Switzerland: <\/span><b>Prague &#8211; Pilsen &#8211; Reisno &#8211; Munich &#8211; Memmingen &#8211; Dornbirn &#8211; Chur &#8211; Lugano &#8211; Milan 9 h, 867 km.<\/b><\/p>\n\n<h3 class=\"wp-block-heading\"><span style=\"font-weight: 400;\">From Brno to Venice<\/span><\/h3>\n\n<p><span style=\"font-weight: 400;\">A quick and easy way:  <\/span><b>Brno &#8211; Vienna &#8211; Leoben &#8211; Villach &#8211; Venice. Brno &#8211; Venice: 7,5 h, 709 km.<\/b><\/p>\n\n<h3 class=\"wp-block-heading\"><span style=\"font-weight: 400;\">From Brno to Milan<\/span><\/h3>\n\n<p><b>Brno &#8211; Vienna &#8211; Salzburg &#8211; Innsbruck &#8211; Trento &#8211; Brescia &#8211; Milan. Brno &#8211; Milan: 10 h 20 min, 1 012 km.<\/b><\/p>\n\n<h3 class=\"wp-block-heading\"><span style=\"font-weight: 400;\">Turin\/Genoa<\/span><\/h3>\n\n<p><span style=\"font-weight: 400;\">Wherever you go from, the route is the same as to Milan, then you continue on from there:  <\/span><\/p>\n\n<ul>\n<li><b>Milan-Turin 2 h 10 min, 145 km<\/b><\/li>\n\n\n\n<li><b>Milan-Genoa 2 h 15 min, 148 km<\/b><\/li>\n<\/ul>\n\n<p><span style=\"font-weight: 400;\">There aren&#8217;t many options anymore for getting from the north of Italy to the south &#8211; there&#8217;s usually one more or less direct &#8220;right way&#8221; to get to where you need to go.<\/span><\/p>\n\n<h3 class=\"wp-block-heading\"><span style=\"font-weight: 400;\">Rome<\/span><\/h3>\n<div class=\"wp-block-image\">\n<figure class=\"alignright\"><a href=\"https:\/\/dalnicniznamka.info\/wp-content\/uploads\/2018\/05\/rim.jpg\"><img loading=\"lazy\" decoding=\"async\" width=\"300\" height=\"168\" src=\"https:\/\/dalnicniznamka.info\/wp-content\/uploads\/2018\/05\/rim-300x168.jpg\" alt=\"Rome\" class=\"wp-image-96\" srcset=\"https:\/\/dalnicniznamka.info\/wp-content\/uploads\/2018\/05\/rim-300x168.jpg 300w, https:\/\/dalnicniznamka.info\/wp-content\/uploads\/2018\/05\/rim.jpg 640w\" sizes=\"(max-width: 300px) 100vw, 300px\" \/><\/a><\/figure><\/div>\n<p><span style=\"font-weight: 400;\">If you&#8217;re coming from Prague, you continue south from Verona and in 5.5 hours you&#8217;re in Rome. The same applies when travelling from Brno via Venice.<\/span> <span style=\"font-weight: 400;\">Further south to Palermo takes another 10 hours by car and only 4 hours by plane from Prague.<\/span><\/p>\n\n<p class=\"has-very-light-gray-to-cyan-bluish-gray-gradient-background has-background\"><i><span style=\"font-weight: 400;\"><strong>Tip:<\/strong> If you want to visit Rome, leave your car on the periphery. Even there you will have a problem to park, in the city itself it is impossible.<\/span><\/i><\/p>\n\n<p><span style=\"font-weight: 400;\">Here you can find the current prices <\/span><a href=\"https:\/\/www.globalpetrolprices.com\/italy\/diesel_prices\/\" target=\"_blank\" rel=\"noreferrer noopener\">\n  <span style=\"font-weight: 400;\">diesel<\/span>\n<\/a><span style=\"font-weight: 400;\"> a <\/span><a href=\"https:\/\/www.globalpetrolprices.com\/Italy\/gasoline_prices\/\" target=\"_blank\" rel=\"noreferrer noopener\">\n  <span style=\"font-weight: 400;\">gasoline<\/span>\n<\/a><span style=\"font-weight: 400;\">.<\/span><\/p>\n\n<h2 class=\"wp-block-heading\"><span style=\"font-weight: 400;\">Vignette and toll charges<\/span><\/h2>\n\n<h3 class=\"wp-block-heading\"><span style=\"font-weight: 400;\">Germany<\/span><\/h3>\n\n<p><span style=\"font-weight: 400;\">In <a href=\"https:\/\/dalnicniznamka.info\/en\/?p=1005\" target=\"_blank\" rel=\"noreferrer noopener\">Germany<\/a>, only car drivers <a href=\"https:\/\/dalnicniznamka.info\/en\/?p=1005\" target=\"_blank\" rel=\"noreferrer noopener\">pay tol<\/a> ls <\/span><b>over 7.5 t<\/b><span style=\"font-weight: 400;\">. There is no speed limit on the motorway in Germany. The ride is therefore brisk and free.<\/span><\/p>\n\n<h3 class=\"wp-block-heading\"><span style=\"font-weight: 400;\">Austria<\/span><\/h3>\n\n<p><span style=\"font-weight: 400;\">In <a href=\"https:\/\/dalnicniznamka.info\/en\/?p=999\" target=\"_blank\" rel=\"noreferrer noopener\">Austria<\/a>, you can&#8217;t avoid the vignette &#8211; at least we don&#8217;t recommend it because of the potential <\/span><b>fines<\/b><span style=\"font-weight: 400;\"><strong>\u011b<\/strong>. <\/span> <b>The stamp must be affixed in such a way that it can be read by the Austrian police&#8217;s recognition system. I mean. in the top left corner of the windscreen or under the centre rear-view mirror.  <\/b><\/p>\n\n<p><span style=\"font-weight: 400;\">Depending on your chosen route, you should encounter no more than two tunnels along the way. The fee for the passage costs around 10 \u20ac.  <\/span><\/p>\n\n<h3 class=\"wp-block-heading\"><span style=\"font-weight: 400;\">Italy<\/span><\/h3>\n\n<p><span style=\"font-weight: 400;\">In <a href=\"https:\/\/dalnicniznamka.info\/en\/?page_id=967\">Italy they are used <\/a><\/span><b><a href=\"https:\/\/dalnicniznamka.info\/en\/?page_id=967\">toll gates<\/a> &#8211; a system of payment based on kilometres travelled <\/b> <span style=\"font-weight: 400;\">between each gate. Payable on departure, in cash or<strong> by card<\/strong><\/span>. <span style=\"font-weight: 400;\">The price is<\/span> on <span style=\"font-weight: 400;\">average <strong>8<\/strong><\/span><b> \u20ac\/100 km<\/b><span style=\"font-weight: 400;\">. It doesn&#8217;t pay to drive around toll sections in hilly terrain, because what you save on tolls you spend on petrol and it costs you more time.<\/span><\/p>\n\n<h2 class=\"wp-block-heading\"><i><span style=\"font-weight: 400;\">Final price to Italy by car<\/span><\/i><\/h2>\n\n<p><b><i>The price of petrol (35 CZK\/l) from Prague to Milan and back (2x 900 km) will cost approximately 5,000 CZK with an average consumption of 7l\/100km.  <\/i><\/b><\/p>\n\n<p><b><i>From Brno to Venice (2x 740 km) you can fit in 4000 CZK. For vignettes and tolls, you will pay up to CZK 2,200 (+310 CZK Czech stamp) for a ten-day stay, and up to CZK 2,500 (+440 CZK Czech stamp) for a ten-day stay. Overall, the price ranges between CZK 5,500 and CZK 6,800.<\/i><\/b><\/p>\n\n<p>If you don&#8217;t often drive long distances, it can be beneficial to brush up on your driving skills. Various driving courses can be suitable, which can be taken throughout the country. You can also ask your loved ones to give you such a course as a gift. A useful <strong><a href=\"https:\/\/darujpoukaz.cz\/auto-moto\" target=\"_blank\" rel=\"noreferrer noopener\">gift voucher for a driving course<\/a> or to improve your driving techniques<\/strong> can always come in handy.<\/p>\n","protected":false},"excerpt":{"rendered":"<p>There are two main routes to Italy &#8211; the western one via Germany and the southern one via Austria. It depends whether you are coming from the eastern or western part of the country. Here&#8217;s an overview of what you can expect on each route, what the tolls are and how much money the journey&#8230;<\/p>\n","protected":false},"author":1,"featured_media":0,"parent":0,"menu_order":0,"comment_status":"closed","ping_status":"closed","template":"","meta":{"_kad_post_transparent":"","_kad_post_title":"","_kad_post_layout":"","_kad_post_sidebar_id":"","_kad_post_content_style":"","_kad_post_vertical_padding":"","_kad_post_feature":"","_kad_post_feature_position":"","_kad_post_header":false,"_kad_post_footer":false,"footnotes":""},"_links":{"self":[{"href":"https:\/\/dalnicniznamka.info\/en\/wp-json\/wp\/v2\/pages\/834"}],"collection":[{"href":"https:\/\/dalnicniznamka.info\/en\/wp-json\/wp\/v2\/pages"}],"about":[{"href":"https:\/\/dalnicniznamka.info\/en\/wp-json\/wp\/v2\/types\/page"}],"author":[{"embeddable":true,"href":"https:\/\/dalnicniznamka.info\/en\/wp-json\/wp\/v2\/users\/1"}],"replies":[{"embeddable":true,"href":"https:\/\/dalnicniznamka.info\/en\/wp-json\/wp\/v2\/comments?post=834"}],"version-history":[{"count":4,"href":"https:\/\/dalnicniznamka.info\/en\/wp-json\/wp\/v2\/pages\/834\/revisions"}],"predecessor-version":[{"id":871,"href":"https:\/\/dalnicniznamka.info\/en\/wp-json\/wp\/v2\/pages\/834\/revisions\/871"}],"wp:attachment":[{"href":"https:\/\/dalnicniznamka.info\/en\/wp-json\/wp\/v2\/media?parent=834"}],"curies":[{"name":"wp","href":"https:\/\/api.w.org\/{rel}","templated":true}]}}