{"id":950,"date":"2020-12-18T11:48:50","date_gmt":"2020-12-18T10:48:50","guid":{"rendered":"https:\/\/dalnicniznamka.info\/autobahnvignette-in-der-tschechischen-republik\/neuer-e-shop-fuer-elektronische-vignetten\/"},"modified":"2023-11-09T22:18:55","modified_gmt":"2023-11-09T21:18:55","slug":"neuer-e-shop-fuer-elektronische-vignetten","status":"publish","type":"page","link":"https:\/\/dalnicniznamka.info\/de\/autobahnvignette-in-der-tschechischen-republik\/neuer-e-shop-fuer-elektronische-vignetten\/","title":{"rendered":"Neuer e-shop f\u00fcr elektronische Vignetten"},"content":{"rendered":"\n<p><strong>Am 1.12.2020 hat die tschechische Regierung die angek\u00fcndigte Website f\u00fcr den Verkauf von elektronischen Vignetten <a href=\"https:\/\/edalnice.cz\/index.html\">edalnice.cz<\/a> gestartet. Sie sind schneller und einfacher zu erwerben und zu verwenden. Wie unterscheidet sich eine elektronische Briefmarke von einer normalen Briefmarke und wie kann man sie kaufen?<\/strong><\/p>\n\n<p>W\u00e4hrend sich die Arten und Preise der Briefmarken nicht unterscheiden, liegt der Unterschied in der Art und Weise, wie sie erworben und verwendet werden. Kaufen Sie eine elektronische Briefmarke \u00fcber das Internet <a href=\"https:\/\/edalnice.cz\/\">\n  <strong>edalnice.cz<\/strong>\n<\/a> ist sehr schnell und einfach &#8211; gleich auf der Startseite k\u00f6nnen Sie eine der 3 Stempelvarianten ausw\u00e4hlen und dann nur noch die Grunddaten eingeben:<\/p>\n\n<ul><li><strong>Der L\u00e4ndercode der Fahrzeugzulassung: CZ, SK, DE, AT, BG,&#8230;<\/strong><\/li><li><strong>Kennzeichen des Fahrzeugs<\/strong><\/li><li><strong>Beginn der G\u00fcltigkeit des Stempels<\/strong><\/li><li><strong>Und kreuzen Sie an, ob Ihr Fahrzeug mit Erdgas oder Biomethan betrieben wird<\/strong><\/li><\/ul>\n\n<p>Als N\u00e4chstes m\u00fcssen Sie nur noch Ihre <strong>E-Mail- und Zahlungsdaten<\/strong> eingeben. Auf diese Weise m\u00fcssen Sie aber nicht nur f\u00fcr sich selbst eine Vignette kaufen, sondern f\u00fcr ein beliebiges Nummernschild &#8211;<strong> wenn Sie also zum Beispiel jemandem, den Sie lieben, eine Freude machen wollen, k\u00f6nnen Sie ihm eine elektronische Vignette zu Weihnachten schenken<\/strong> und ihm Geld und Sorgen ersparen.<\/p>\n\n<p>In Zukunft wird es noch einfacher sein, eine Briefmarke zu kaufen, denn das System wird sich bereits an Sie erinnern.<\/p>\n\n<h2 class=\"wp-block-heading\">G\u00fcltigkeit der elektronischen Vignette<\/h2>\n\n<p>Die G\u00fcltigkeit der 10-Tage- und Monatsvignette ist dieselbe wie bisher &#8211; entweder 10 oder 30 Tage ab dem gew\u00e4hlten Datum.<strong>  Die gro\u00dfe \u00c4nderung betrifft jedoch die elektronische Jahresvignette, denn sie funktioniert jetzt genau so, d. h. genau ein Jahr ab dem Startdatum.<\/strong>  Wenn Sie ihn z.B. Mitte Juni am 15.6. kaufen, ist er bis zum 14.6. g\u00fcltig. im folgenden Jahr, was praktisch ist.<\/p>\n\n<p><strong>Dies gilt nicht f\u00fcr die Papiervignette<\/strong>, die wie bisher gilt: vom 1. Januar 2020 bis zum 31. Januar 2022 &#8211; insgesamt 14 Monate. Im Vergleich zur elektronischen Briefmarke hat sie eine l\u00e4ngere G\u00fcltigkeitsdauer, was jedoch keinen Vorteil darstellt, da sich die zus\u00e4tzlichen 2 Monate G\u00fcltigkeit mit den f\u00fcr andere Jahre gekauften Briefmarken \u00fcberschneiden.<\/p>\n\n<p>Eine f\u00fcr 2020 gekaufte Jahresvignette ist bis zum 31.1.2021 g\u00fcltig. Sie k\u00f6nnen also ab dem 1.2.2021 eine Jahresvignette kaufen.<\/p>\n\n<p><strong>Sie k\u00f6nnen seine G\u00fcltigkeit ab dem 1.1.2021 auf der Website <a href=\"https:\/\/edalnice.cz\/index.html\">edalnice.cz<\/a> \u00fcberpr\u00fcfen. <\/strong>Geben Sie einfach das Nummernschild des Fahrzeugs ein.<\/p>\n\n<p><strong>Die elektronische Vignette ist nicht \u00fcbertragbar.<\/strong>  Daher kann es nicht auf ein anderes Fahrzeug zugelassen werden als das, f\u00fcr das es urspr\u00fcnglich gekauft wurde.<\/p>\n\n<h2 class=\"wp-block-heading\">Wie wird die elektronische Vignette verwendet?<\/h2>\n\n<p>V\u00f6llig sorglos. Man kauft es einfach und muss sich um nichts weiter k\u00fcmmern, denn<strong> es wird von einem elektronischen System mit Kameras kontrolliert<\/strong>, die das Kennzeichen lesen, wodurch das System wei\u00df, ob man ein Kennzeichen hat. Sie brauchen nichts zu kleben und sich keine Sorgen zu machen.<strong>  Der Stempel ist mit Ihrem Nummernschild gekoppelt.<\/strong><\/p>\n\n<p>Ihre einzige Sorge ist also, dass Sie nicht zu lange in Ihrem Land bleiben. Aber daf\u00fcr gibt es ein Hilfsmittel: Bei der Bestellung kreuzen Sie das K\u00e4stchen an, dass Sie <strong>vor dem Verfallsdatum<\/strong> eine <strong>E-Mail-Benachrichtigung<\/strong> erhalten m\u00f6chten <strong>.<\/strong><\/p>\n\n<h2 class=\"wp-block-heading\">Die Vorteile der elektronischen Vignette auf den Punkt gebracht<\/h2>\n\n<figure class=\"wp-block-pullquote\"><blockquote><p>Der Einkauf ist schnell und einfach.<\/p><p>Es ist nicht n\u00f6tig, einen Ort und eine Zeit f\u00fcr den Kauf zu finden.<\/p><p>Das Kleben und Kratzen des Stempels entf\u00e4llt.<\/p><p>Alle elektronischen Vignetten sind f\u00fcr eine bestimmte Anzahl von Tagen ab dem gew\u00e4hlten Datum g\u00fcltig.<\/p><p>Einfache Validierung und Ablaufbenachrichtigung per E-Mail.<\/p><\/blockquote><\/figure>\n","protected":false},"excerpt":{"rendered":"<p>Am 1.12.2020 hat die tschechische Regierung die angek\u00fcndigte Website f\u00fcr den Verkauf von elektronischen Vignetten edalnice.cz gestartet. Sie sind schneller und einfacher zu erwerben und zu verwenden. Wie unterscheidet sich eine elektronische Briefmarke von einer normalen Briefmarke und wie kann man sie kaufen? W\u00e4hrend sich die Arten und Preise der Briefmarken nicht unterscheiden, liegt der&#8230;<\/p>\n","protected":false},"author":1,"featured_media":0,"parent":826,"menu_order":0,"comment_status":"closed","ping_status":"closed","template":"","meta":{"_kad_post_transparent":"","_kad_post_title":"","_kad_post_layout":"","_kad_post_sidebar_id":"","_kad_post_content_style":"","_kad_post_vertical_padding":"","_kad_post_feature":"","_kad_post_feature_position":"","_kad_post_header":false,"_kad_post_footer":false,"footnotes":""},"_links":{"self":[{"href":"https:\/\/dalnicniznamka.info\/de\/wp-json\/wp\/v2\/pages\/950"}],"collection":[{"href":"https:\/\/dalnicniznamka.info\/de\/wp-json\/wp\/v2\/pages"}],"about":[{"href":"https:\/\/dalnicniznamka.info\/de\/wp-json\/wp\/v2\/types\/page"}],"author":[{"embeddable":true,"href":"https:\/\/dalnicniznamka.info\/de\/wp-json\/wp\/v2\/users\/1"}],"replies":[{"embeddable":true,"href":"https:\/\/dalnicniznamka.info\/de\/wp-json\/wp\/v2\/comments?post=950"}],"version-history":[{"count":20,"href":"https:\/\/dalnicniznamka.info\/de\/wp-json\/wp\/v2\/pages\/950\/revisions"}],"predecessor-version":[{"id":1900,"href":"https:\/\/dalnicniznamka.info\/de\/wp-json\/wp\/v2\/pages\/950\/revisions\/1900"}],"up":[{"embeddable":true,"href":"https:\/\/dalnicniznamka.info\/de\/wp-json\/wp\/v2\/pages\/826"}],"wp:attachment":[{"href":"https:\/\/dalnicniznamka.info\/de\/wp-json\/wp\/v2\/media?parent=950"}],"curies":[{"name":"wp","href":"https:\/\/api.w.org\/{rel}","templated":true}]}}