{"id":931,"date":"2018-05-26T11:24:24","date_gmt":"2018-05-26T10:24:24","guid":{"rendered":"https:\/\/dalnicniznamka.info\/mit-dem-auto-nach-kroatien-die-neuesten-informationen-wie-sie-bei-ihrer-reise-sparen-koennen\/"},"modified":"2023-11-09T22:18:59","modified_gmt":"2023-11-09T21:18:59","slug":"mit-dem-auto-nach-kroatien-die-neuesten-informationen-wie-sie-bei-ihrer-reise-sparen-koennen","status":"publish","type":"page","link":"https:\/\/dalnicniznamka.info\/de\/artikel\/mit-dem-auto-nach-kroatien-die-neuesten-informationen-wie-sie-bei-ihrer-reise-sparen-koennen\/","title":{"rendered":"Mit dem Auto nach Kroatien: die neuesten Informationen, wie Sie bei Ihrer Reise sparen k\u00f6nnen"},"content":{"rendered":"\n<p><b><i><strong>Es ist nicht Ihre erste Reise nach Kroatien, aber vielleicht wussten Sie noch nichts von den Alternativen, den genauen Zeiten und den M\u00f6glichkeiten, unterwegs Geld zu sparen. Oder haben Sie keinen \u00dcberblick \u00fcber den aktuellen Preis von Vignetten und deren Verarbeitung in den einzelnen L\u00e4ndern? Wie funktioniert die Maut in Kroatien? Hier finden Sie aktuelle und genaue Informationen.<\/strong><\/i><\/b><\/p>\n\n<p class=\"has-white-color has-luminous-vivid-amber-to-luminous-vivid-orange-gradient-background has-text-color has-background\">KROATIEN UND KOVIDISCHE NACHRICHTEN:  <br\/><a href=\"https:\/\/covid.gov.cz\/situace\/cestovani\" target=\"_blank\" rel=\"noreferrer noopener\">https:\/\/covid.gov.cz\/situace\/cestovani<\/a><\/p>\n\n<h2 class=\"wp-block-heading\"><span style=\"font-weight: 400;\">Reiserouten nach Abfahrt und Zielort<\/span><\/h2>\n\n<h3 class=\"wp-block-heading\"><span style=\"font-weight: 400;\">Prag \u2192 Split<\/span><\/h3>\n\n<p><span style=\"font-weight: 400;\">Der logischste Weg ist <\/span><b>Prag &#8211; Br\u00fcnn &#8211; Wien &#8211; Graz &#8211; Maribor &#8211; Zagreb &#8211; Split<\/b><span style=\"font-weight: 400;\">.<br\/>Die Route beinhaltet keine Mauttunnel. <\/span> <\/p>\n\n<p><b>Prag-Split: 1 091 km, 11 h 30 min + Pausen.<\/b><\/p>\n\n<p><span style=\"font-weight: 400;\">Es ist m\u00f6glich, einen Teil der D1 zu umgehen, indem man sie verl\u00e4sst <\/span><b>indem Sie die Ausfahrt Jihlava nehmen und dann \u00fcber Znojmo nach Wien fahren<\/b><span style=\"font-weight: 400;\">. Eine andere M\u00f6glichkeit ist, direkt zu  <\/span><b>\u010cesk\u00e9 Bud\u011bjovice &#8211; Linz &#8211; Wels &#8211; Graz  <\/b><span style=\"font-weight: 400;\">und so weiter und so fort. Die Strecke ist nur etwa 30 km l\u00e4nger, auf der anderen Seite gibt es 2 Mauttunnel, die insgesamt etwa 15 \u20ac kosten.<\/span><\/p>\n\n<h3 class=\"wp-block-heading\"><span style=\"font-weight: 400;\">Prag \u2192 Istrien<\/span><\/h3>\n\n<p><span style=\"font-weight: 400;\">Sie k\u00f6nnen den Westen von Kroatien erreichen <\/span><b>Prag &#8211; \u010cesk\u00e9 Bud\u011bjovice &#8211; Salzburg &#8211; Villach &#8211; Ljubljana &#8211; Istrien<\/b><span style=\"font-weight: 400;\">. Der Nachteil sind wieder die kostenpflichtigen Tunnel, die zusammen 20 \u20ac kosten.  <\/span><\/p>\n\n<p><b>Prag &#8211; Istrien: 801 km, 9 h 30 min + Pausen.<\/b><\/p>\n\n<h3 class=\"wp-block-heading\"><span style=\"font-weight: 400;\">Ostroute \u00fcber Ungarn<\/span><\/h3>\n\n<p><span style=\"font-weight: 400;\">Ob Sie aus Prag oder Ostrava kommen, es lohnt sich, eine weitere beliebte Route auszuprobieren. Sie f\u00fchrt von Br\u00fcnn aus durch die Slowakei und Ungarn und hat den Vorteil, dass sie  <\/span><b>sanfte Fahrt <\/b><span style=\"font-weight: 400;\">und die Tatsache, dass man in Ungarn <\/span><b>Mautstra\u00dfen vermeiden<\/b><span style=\"font-weight: 400;\">. Stellen Sie Ihr GPS einfach so ein, dass es die Autobahnen an der slowakisch-ungarischen Grenze meidet, und Sie k\u00f6nnen problemlos durch ganz Ungarn fahren.  <\/span><\/p>\n\n<p><b>Prag &#8211; Br\u00fcnn &#8211; Bratislava &#8211; Mosonmagyar\u00f3v\u00e1r &#8211; Szombathely &#8211; Vara\u017edin &#8211; Zagreb &#8211; Split<\/b><span style=\"font-weight: 400;\">. Die Kilometer sind die gleichen, die Zeit ist eine Stunde und ein bisschen l\u00e4nger.  <\/span><b>Prag &#8211; Split: 1 085 km, 12 h 45 min + Pausen<\/b><span style=\"font-weight: 400;\">. Das Hauptproblem ist, dass die slowenischen und \u00f6sterreichischen Vignetten viel teurer sind. Auf diese Weise k\u00f6nnen Sie  <\/span><b>Sparen Sie bis zu rund 1 700 CZK<\/b><span style=\"font-weight: 400;\">!<\/span><\/p>\n\n<p><span style=\"font-weight: 400;\">Hier finden Sie den aktuellen Preis <\/span><a href=\"https:\/\/www.globalpetrolprices.com\/Croatia\/diesel_prices\/\" target=\"_blank\" rel=\"noreferrer noopener\">\n  <span style=\"font-weight: 400;\">Diesel<\/span>\n<\/a><span style=\"font-weight: 400;\"> a <\/span><a href=\"https:\/\/www.globalpetrolprices.com\/Croatia\/gasoline_prices\/\" target=\"_blank\" rel=\"noreferrer noopener\">\n  <span style=\"font-weight: 400;\">benzin<\/span>\n<\/a><span style=\"font-weight: 400;\">.<\/span><\/p>\n\n<p class=\"has-very-light-gray-to-cyan-bluish-gray-gradient-background has-background\">Vergessen Sie nicht, vor Ihrer Reise eine Notiz zu hinterlassen <strong>\n  <a href=\"https:\/\/www.auto-interiery.cz\/plneni-klimatizaci\/\" target=\"_blank\" rel=\"noreferrer noopener\">Pr\u00fcfen und f\u00fcllen Sie die Klimaanlage Ihres Autos auf<\/a>\n<\/strong>. Nat\u00fcrlich l\u00e4uft die Fl\u00fcssigkeit aus der Klimaanlage allm\u00e4hlich aus, was die K\u00fchlleistung verringert. Bei einer langen Fahrt auf einer hei\u00dfen Autobahn werden Sie es zu sch\u00e4tzen wissen, wenn die K\u00fchlung so funktioniert, wie sie soll.<\/p>\n\n<figure class=\"wp-block-image size-large\"><a href=\"https:\/\/dalnicniznamka.info\/wp-content\/uploads\/2018\/05\/split.jpeg\"><img loading=\"lazy\" decoding=\"async\" width=\"1024\" height=\"581\" src=\"https:\/\/dalnicniznamka.info\/wp-content\/uploads\/2018\/05\/split-1024x581.jpeg\" alt=\"Teilen\" class=\"wp-image-103\" srcset=\"https:\/\/dalnicniznamka.info\/wp-content\/uploads\/2018\/05\/split-1024x581.jpeg 1024w, https:\/\/dalnicniznamka.info\/wp-content\/uploads\/2018\/05\/split-300x170.jpeg 300w, https:\/\/dalnicniznamka.info\/wp-content\/uploads\/2018\/05\/split-768x435.jpeg 768w, https:\/\/dalnicniznamka.info\/wp-content\/uploads\/2018\/05\/split.jpeg 1880w\" sizes=\"(max-width: 1024px) 100vw, 1024px\" \/><\/a><\/figure>\n\n<h2 class=\"wp-block-heading\"><span style=\"font-weight: 400;\">Autobahnvignetten und Mautgeb\u00fchren<\/span><\/h2>\n\n<p>Einen aktuellen \u00dcberblick \u00fcber die Geb\u00fchren und M\u00f6glichkeiten finden Sie in unserem Artikel: <a href=\"https:\/\/dalnicniznamka.info\/de\/?page_id=906\" target=\"_blank\" rel=\"noreferrer noopener\">Mautgeb\u00fchren in europ\u00e4ischen L\u00e4ndern<\/a>.<\/p>\n\n<h3 class=\"wp-block-heading\"><span style=\"font-weight: 400;\">Kroatien<\/span><\/h3>\n\n<p><span style=\"font-weight: 400;\">Wie ein Gro\u00dfteil der s\u00fcdlichen Staaten <a href=\"https:\/\/dalnicniznamka.info\/de\/?p=1067\">funktioniert Kroatien auf der Grundlage von <\/a><\/span><b>\n  <a href=\"https:\/\/dalnicniznamka.info\/de\/?p=1067\">Mautstellen<\/a>\n<\/b><span style=\"font-weight: 400;\">. Sie zahlen nur f\u00fcr die gefahrene Strecke, indem Sie bei der Einfahrt auf die Autobahn einen Fahrschein ziehen und bei der Ausfahrt die gefahrene Strecke bezahlen (<\/span><b>Bargeld, <a href=\"https:\/\/skippay.cz\/karta\" target=\"_blank\" rel=\"noreferrer noopener\">Karte<\/a> oder ENC <\/b><span style=\"font-weight: 400;\">&#8211; elektronische Box mit Prepaid-Guthaben<\/span>.<span style=\"font-weight: 400;\">  F\u00fcr jede Zahlungsmethode gibt es eigene Fahrspuren). Die Strecke von der Grenze nach Zagreb kostet 200 CZK und von Zagreb aus, je nach Entfernung, zwischen 240 CZK (Rijeka ist die n\u00e4chste K\u00fcstenstadt) und 980 CZK, oder bis zum Ende der Autobahn im S\u00fcden bei Plo\u010de. Dazu geh\u00f6ren Zadar (460 CZK), Sibenik (580 CZK), Split (680 CZK) und Makarska (750 CZK).<\/span><\/p>\n\n<p><b><i>Wie viel die Reise kosten wird, h\u00e4ngt von der gew\u00e4hlten Route und dem Zielort ab, daher ist es schwer zu sagen, wie viel sie im Durchschnitt kostet. Lassen Sie uns also lieber die wichtigsten Betr\u00e4ge berechnen:  <\/i><\/b><\/p>\n\n<ul>\n<li><b>\n  <i>Benzin kostet Sie bis zu 3 000 CZK auf dem k\u00fcrzesten Weg zum Meer Brno-Rijeka und zur\u00fcck<\/i>\n<\/b> (35 CZK, 7 l Verbrauch)<\/li>\n\n\n\n<li><b><i>auf der l\u00e4ngsten Strecke Prag-Dubrovnik f\u00fcr 6 000 CZK<\/i><\/b><\/li>\n\n\n\n<li><b><i>\u00dcber \u00d6sterreich und Slowenien kostet die Autobahnmaut f\u00fcr einen 10-t\u00e4gigen Urlaub etwa 1.050 CZK (f\u00fcr einen l\u00e4ngeren Urlaub ist es der doppelte Betrag).  <\/i><\/b><\/li>\n\n\n\n<li><b><i>Im Gegensatz dazu ist die Strecke durch die Slowakei und Ungarn sehr g\u00fcnstig &#8211; wenn Sie eine slowakische Briefmarke f\u00fcr 10 Tage kaufen, geben Sie nur etwa 260 CZK aus. Wenn Sie beide Monatsmarken kaufen, zahlen Sie maximal 770 CZK.  <\/i><\/b><\/li>\n\n\n\n<li><b><i>Stellen Sie sich darauf ein, dass die Maut in Kroatien je nach Entfernung zwischen 820 und 2.300 CZK betr\u00e4gt.<\/i><\/b><\/li>\n<\/ul>\n","protected":false},"excerpt":{"rendered":"<p>Es ist nicht Ihre erste Reise nach Kroatien, aber vielleicht wussten Sie noch nichts von den Alternativen, den genauen Zeiten und den M\u00f6glichkeiten, unterwegs Geld zu sparen. Oder haben Sie keinen \u00dcberblick \u00fcber den aktuellen Preis von Vignetten und deren Verarbeitung in den einzelnen L\u00e4ndern? Wie funktioniert die Maut in Kroatien? Hier finden Sie aktuelle&#8230;<\/p>\n","protected":false},"author":1,"featured_media":0,"parent":939,"menu_order":0,"comment_status":"closed","ping_status":"closed","template":"","meta":{"_kad_post_transparent":"","_kad_post_title":"","_kad_post_layout":"","_kad_post_sidebar_id":"","_kad_post_content_style":"","_kad_post_vertical_padding":"","_kad_post_feature":"","_kad_post_feature_position":"","_kad_post_header":false,"_kad_post_footer":false,"footnotes":""},"_links":{"self":[{"href":"https:\/\/dalnicniznamka.info\/de\/wp-json\/wp\/v2\/pages\/931"}],"collection":[{"href":"https:\/\/dalnicniznamka.info\/de\/wp-json\/wp\/v2\/pages"}],"about":[{"href":"https:\/\/dalnicniznamka.info\/de\/wp-json\/wp\/v2\/types\/page"}],"author":[{"embeddable":true,"href":"https:\/\/dalnicniznamka.info\/de\/wp-json\/wp\/v2\/users\/1"}],"replies":[{"embeddable":true,"href":"https:\/\/dalnicniznamka.info\/de\/wp-json\/wp\/v2\/comments?post=931"}],"version-history":[{"count":20,"href":"https:\/\/dalnicniznamka.info\/de\/wp-json\/wp\/v2\/pages\/931\/revisions"}],"predecessor-version":[{"id":1889,"href":"https:\/\/dalnicniznamka.info\/de\/wp-json\/wp\/v2\/pages\/931\/revisions\/1889"}],"up":[{"embeddable":true,"href":"https:\/\/dalnicniznamka.info\/de\/wp-json\/wp\/v2\/pages\/939"}],"wp:attachment":[{"href":"https:\/\/dalnicniznamka.info\/de\/wp-json\/wp\/v2\/media?parent=931"}],"curies":[{"name":"wp","href":"https:\/\/api.w.org\/{rel}","templated":true}]}}