{"id":906,"date":"2022-11-26T11:50:55","date_gmt":"2022-11-26T10:50:55","guid":{"rendered":"https:\/\/dalnicniznamka.info\/mautgebuehren-in-europaeischen-laendern\/"},"modified":"2023-11-09T22:19:05","modified_gmt":"2023-11-09T21:19:05","slug":"mautgebuehren-in-europaeischen-laendern","status":"publish","type":"page","link":"https:\/\/dalnicniznamka.info\/de\/mautgebuehren-in-europaeischen-laendern\/","title":{"rendered":"Mautgeb\u00fchren in europ\u00e4ischen L\u00e4ndern"},"content":{"rendered":"\n<p>Fahren Sie in den Urlaub und m\u00f6chten Sie den \u00dcberblick behalten, wo und <strong>wie viel Sie f\u00fcr Mautgeb\u00fchren bezahlen<\/strong>? Der Preis der Mautgeb\u00fchren h\u00e4ngt auch von den L\u00e4ndern ab, die Sie auf dem Weg zu Ihrem Ziel durchqueren. Sie k\u00f6nnen auch viel Geld sparen, wenn Sie sich im Voraus \u00fcber die spezifischen Mautgeb\u00fchren in jedem Staat informieren.  <\/p>\n\n<p class=\"has-very-light-gray-to-cyan-bluish-gray-gradient-background has-background\"><strong>Diese Preise gelten f\u00fcr normale Personenkraftwagen bis zu 3,5 t, ohne Anh\u00e4nger, in normaler H\u00f6he<\/strong>. Dies k\u00f6nnen indikative Umrechnungen aus anderen W\u00e4hrungen sein, die eine schnelle Einsch\u00e4tzung des ungef\u00e4hren Preises erm\u00f6glichen. In einigen L\u00e4ndern k\u00f6nnen Sie f\u00fcr mehr Achsen (Auto + Anh\u00e4nger) oder f\u00fcr einen h\u00f6heren Fahrzeugtyp (Lieferwagen, Wohnwagen) extra bezahlen.<\/p>\n<div class=\"wp-block-image\">\n<figure class=\"alignright size-full is-resized\"><a href=\"https:\/\/dalnicniznamka.info\/wp-content\/uploads\/2023\/09\/europa-587511_640.png\"><img loading=\"lazy\" decoding=\"async\" src=\"https:\/\/dalnicniznamka.info\/wp-content\/uploads\/2023\/09\/europa-587511_640.png\" alt=\"Europakarte\" class=\"wp-image-607\" style=\"width:274px;height:327px\" width=\"274\" height=\"327\" srcset=\"https:\/\/dalnicniznamka.info\/wp-content\/uploads\/2023\/09\/europa-587511_640.png 536w, https:\/\/dalnicniznamka.info\/wp-content\/uploads\/2023\/09\/europa-587511_640-251x300.png 251w\" sizes=\"(max-width: 274px) 100vw, 274px\" \/><\/a><\/figure><\/div>\n<h2 class=\"wp-block-heading\"><strong>Autobahnvignetten und Mautgeb\u00fchren in der Tschechischen Republik<\/strong><\/h2>\n\n<p>Die Tschechische Republik geh\u00f6rt zu den L\u00e4ndern, in denen man eine Vignette kaufen muss, um auf Autobahnen und Schnellstra\u00dfen zu fahren. Eine <strong>Vignette<\/strong> ist ab dem Kaufdatum <strong>10 Tage, 1 Monat<\/strong> oder <strong>1 Jahr<\/strong> lang g\u00fcltig. Sie k\u00f6nnen es <a href=\"https:\/\/dalnicniznamka.info\/de\/?page_id=950\" target=\"_blank\" rel=\"noreferrer noopener\">online unter edalnice.cz<\/a>, an den EuroOil-Tankstellen und in den Postfilialen kaufen.  <\/p>\n\n<ul>\n<li><strong>10 Tage <\/strong>= 310 CZK<\/li>\n\n\n\n<li><strong>1 Monat<\/strong> = 440 CZK<\/li>\n\n\n\n<li><strong>1 Jahr<\/strong> = 1500 CZK<\/li>\n<\/ul>\n\n<div class=\"wp-block-buttons is-content-justification-center is-layout-flex wp-container-core-buttons-is-layout-1 wp-block-buttons-is-layout-flex\">\n<div class=\"wp-block-button has-custom-width wp-block-button__width-75 has-custom-font-size aligncenter is-style-outline has-medium-font-size\"><a class=\"wp-block-button__link has-text-color wp-element-button\" href=\"https:\/\/edalnice.cz\/index.html#\/validation\" style=\"border-radius:5px;color:#c3103c;padding-top:var(--wp--preset--spacing--30);padding-right:var(--wp--preset--spacing--30);padding-bottom:var(--wp--preset--spacing--30);padding-left:var(--wp--preset--spacing--30)\" target=\"_blank\" rel=\"noreferrer noopener\">Eine tschechische Vignette kaufen<\/a><\/div>\n<\/div>\n\n<p>Alle G\u00fcterkraftverkehrsunternehmer oder Betreiber von Fahrzeugen \u00fcber 3,5 Tonnen m\u00fcssen den elektronischen Mautdienst nutzen. Dies wird von CzechToll, einem PPF-Unternehmen, angeboten, und Sie registrieren sich unter <a href=\"https:\/\/www.mytocz.eu\/\" target=\"_blank\" rel=\"noreferrer noopener\">www.mytocz.eu.<\/a><\/p>\n\n<h2 class=\"wp-block-heading\"><strong>Slowakische Vignette<\/strong><\/h2>\n\n<p>In der Slowakei k\u00f6nnen Sie, wie in der Tschechischen Republik, eine elektronische Vignette kaufen. Sie k\u00f6nnen sie online unter eznamka.sk kaufen. <strong>\n  <a href=\"https:\/\/dalnicniznamka.info\/de\/?p=882\" target=\"_blank\" rel=\"noreferrer noopener\">Slowakische Vignette<\/a>\n<\/strong> ist g\u00fcltig:<\/p>\n\n<ul>\n<li><strong>10 Tage <\/strong>= 10 EUR<\/li>\n\n\n\n<li><strong>1 Monat<\/strong> = 14 EUR<\/li>\n\n\n\n<li><strong>1 Jahr<\/strong> = 50 EUR<\/li>\n<\/ul>\n\n<div class=\"wp-block-buttons is-content-justification-center is-layout-flex wp-container-core-buttons-is-layout-2 wp-block-buttons-is-layout-flex\">\n<div class=\"wp-block-button has-custom-width wp-block-button__width-75 has-custom-font-size aligncenter is-style-outline has-medium-font-size\"><a class=\"wp-block-button__link has-text-color wp-element-button\" href=\"https:\/\/eznamka.sk\/selfcare\/purchase\" style=\"border-radius:5px;color:#82b81a;padding-top:var(--wp--preset--spacing--30);padding-right:var(--wp--preset--spacing--30);padding-bottom:var(--wp--preset--spacing--30);padding-left:var(--wp--preset--spacing--30)\" target=\"_blank\" rel=\"noreferrer noopener\">Slowakische Vignette kaufen<\/a><\/div>\n<\/div>\n\n<h2 class=\"wp-block-heading\">\u00d6sterreichische Vignette und Tunnelmaut<\/h2>\n\n<p>\u00d6sterreich hat ein etwas komplizierteres System, bei dem man auf den meisten Autobahnen eine <a href=\"https:\/\/dalnicniznamka.info\/de\/?p=965\" target=\"_blank\" rel=\"noreferrer noopener\">Vignette<\/a> bezahlt, aber auch eine Maut, wenn man bestimmte Abschnitte (meist Tunnel) durchf\u00e4hrt. Sie k\u00f6nnen w\u00e4hlen, ob Sie eine Vignette an einer Tankstelle in Grenzn\u00e4he oder in \u00d6sterreich kaufen oder ob Sie Ihre Vignette online erwerben.<\/p>\n\n<p><strong>ACHTUNG!<\/strong>  Die Online-Vignette f\u00fcr Verbraucher beginnt erst mit 18 Jahren. am Tag nach dem Kauf. F\u00fcr Unternehmer gilt sie sofort. Ein physischer Aufkleber ist ebenfalls sofort nach dem Kauf g\u00fcltig.  <\/p>\n\n<ul>\n<li><strong>10 Tage <\/strong>= 9,9 EUR<\/li>\n\n\n\n<li><strong>2 Monate<\/strong> = 29 EUR<\/li>\n\n\n\n<li><strong>1 Jahr<\/strong> = 96,4 EUR<\/li>\n<\/ul>\n\n<div class=\"wp-block-buttons is-content-justification-center is-layout-flex wp-container-core-buttons-is-layout-3 wp-block-buttons-is-layout-flex\">\n<div class=\"wp-block-button has-custom-width wp-block-button__width-75 has-custom-font-size is-style-outline has-medium-font-size\"><a class=\"wp-block-button__link wp-element-button\" href=\"https:\/\/shop.asfinag.at\/cs\/\" style=\"border-radius:5px;padding-top:var(--wp--preset--spacing--30);padding-right:var(--wp--preset--spacing--30);padding-bottom:var(--wp--preset--spacing--30);padding-left:var(--wp--preset--spacing--30)\" target=\"_blank\" rel=\"noreferrer noopener\">\u00d6sterreichische Vignetten und Mautgeb\u00fchren kaufen<\/a><\/div>\n<\/div>\n\n<h2 class=\"wp-block-heading\"><strong>Slowenien-Vignette<\/strong><\/h2>\n\n<p>Machen Sie Urlaub in Slowenien oder sind Sie auf dem Weg nach Kroatien nur auf der Durchreise? Sie k\u00f6nnen <a href=\"https:\/\/dalnicniznamka.info\/dalnicni-znamka-slovinsko\/\">Vignetten f\u00fcr Slowenien<\/a> online als <strong>E-Vignetten<\/strong> kaufen, genau wie hier. F\u00fcr Fahrzeuge bis zu 3,5 Tonnen ist die elektronische Vignette f\u00fcr Slowenien f\u00fcr <strong>eine Woche, einen Monat oder ein Jahr<\/strong> erh\u00e4ltlich. Beachten Sie die Unterteilung in <strong>niedrige Fahrzeuge (Pkw) und hohe Fahrzeuge (leichte Lieferwagen, Wohnmobile) bis 3,5 t<\/strong>. Aktuelle Preise f\u00fcr einen normalen Pkw:  <\/p>\n\n<ul>\n<li><strong>7 Tage<\/strong> = 16 EUR<\/li>\n\n\n\n<li><strong>1 Monat<\/strong> = 32 EUR<\/li>\n\n\n\n<li><strong>1 Jahr<\/strong> = 117,5 EUR<\/li>\n<\/ul>\n\n<p>F\u00fcr Fahrzeuge <strong>\u00fcber 3,5 Tonnen<\/strong> wird die Maut in Slowenien \u00fcber das <strong>DarsGo-Fahrzeugger\u00e4t<\/strong> abgewickelt.<\/p>\n\n<div class=\"wp-block-buttons is-content-justification-center is-layout-flex wp-container-core-buttons-is-layout-4 wp-block-buttons-is-layout-flex\">\n<div class=\"wp-block-button has-custom-width wp-block-button__width-75 has-custom-font-size aligncenter is-style-outline has-medium-font-size\"><a class=\"wp-block-button__link has-text-color wp-element-button\" href=\"https:\/\/evinjeta.dars.si\/cs\" style=\"border-radius:5px;color:#f68a1e;padding-top:var(--wp--preset--spacing--30);padding-right:var(--wp--preset--spacing--30);padding-bottom:var(--wp--preset--spacing--30);padding-left:var(--wp--preset--spacing--30)\" target=\"_blank\" rel=\"noreferrer noopener\">Slowenische Vignette kaufen<\/a><\/div>\n<\/div>\n\n<h2 class=\"wp-block-heading\"><strong>Maut in Polen<\/strong><\/h2>\n\n<p><strong>Polnische Autobahnen sind<\/strong><strong> mit dem Buchstaben A<\/strong> gekennzeichnet und haben eine H\u00f6chstgeschwindigkeit <strong>von 140 km\/h<\/strong>. <a href=\"https:\/\/dalnicniznamka.info\/de\/?p=917\" target=\"_blank\" rel=\"noreferrer noopener\">In Polen<\/a> zahlen Sie Mautgeb\u00fchren an Mautstellen. Die gute Nachricht ist, dass <strong>nur 3 Autobahnabschnitte f\u00fcr Fahrzeuge bis zu 3,5 Tonnen mautpflichtig sind<\/strong>:<\/p>\n\n<ul>\n<li><strong>Autobahn A1<\/strong>: Rusocin-Nowa Wie\u015b<a href=\"https:\/\/a1.com.pl\/en\/home-en\/\" target=\"_blank\" rel=\"noreferrer noopener\">(Mautrechner f\u00fcr die Autobahn A1<\/a>)<\/li>\n\n\n\n<li><strong>A2<\/strong>: \u015awiecko-Lodz<a href=\"https:\/\/www.autostrada-a2.pl\/\" target=\"_blank\" rel=\"noreferrer noopener\">(A2-Mautrechner<\/a>)<\/li>\n\n\n\n<li><strong>Autobahn A4<\/strong>: Breslau-Krakau<a href=\"https:\/\/www.autostrada-a4.com.pl\/en\/tolls\/toll-calculator\" target=\"_blank\" rel=\"noreferrer noopener\">(Mautrechner f\u00fcr die Autobahn A4<\/a>, vorl\u00e4ufig kostet der Abschnitt <strong>Kattowitz-Krakau 200 CZK<\/strong>)<\/li>\n<\/ul>\n\n<p><strong>Elektronische Zahlung<\/strong> &#8211; <strong>Fahrzeuge<\/strong> k\u00f6nnen <strong>die Mautgeb\u00fchren elektronisch<\/strong> mit der <strong>e-TOLL PL<\/strong> App <strong>bezahlen<\/strong>, die auch im App Store oder bei Google Play erh\u00e4ltlich ist, oder <a href=\"https:\/\/etoll.gov.pl\/cz\/lehka-vozidla\/e-ticket\/e-ticket\/\" target=\"_blank\" rel=\"noreferrer noopener\">\u00fcber das Internet<\/a>. F\u00fcr Fahrzeuge \u00fcber 3,5 Tonnen lohnt es sich jedoch mehr, was wiederum nicht nur auf Autobahnen, sondern oft auch auf Schnellstra\u00dfen gilt.<\/p>\n\n<p><strong>Bezahlen an der Mautstelle<\/strong> &#8211; Sie k\u00f6nnen auch einfach direkt an den Mautstellen f\u00fcr die gefahrenen Kilometer bezahlen. Bei der Einfahrt in einen mautpflichtigen Autobahnabschnitt ziehen Sie ein Ticket, das Sie beim Verlassen des Abschnitts wieder in den Automaten stecken, um zu bezahlen. Wenn Sie Ihr Ticket verlieren, zahlen Sie den H\u00f6chstbetrag. Die <strong>Bezahlung ist hier in bar oder mit Karte, in Zloty oder in Euro m\u00f6glich<\/strong>.  <\/p>\n\n<p class=\"has-very-light-gray-to-cyan-bluish-gray-gradient-background has-background\"><strong>Ungarn<\/strong>: Preise und M\u00f6glichkeiten zum Kauf <a href=\"https:\/\/dalnicniznamka.info\/de\/?p=994\" target=\"_blank\" rel=\"noreferrer noopener\">ungarischer Vignetten<\/a> hier<\/p>\n\n<h2 class=\"wp-block-heading\"><strong>Maut in Kroatien<\/strong><\/h2>\n\n<p>F\u00fcr das Fahren auf kroatischen Autobahnen ben\u00f6tigen Sie keine Vignette; es gibt auch Mautgeb\u00fchren. Alle Fahrer von <strong>Fahrzeugen und Motorr\u00e4dern bis zu 3,5 Tonnen<\/strong> und von <strong>Lastkraftwagen \u00fcber 3,5 Tonnen<\/strong> zahlen die Geb\u00fchren. Der Betrag h\u00e4ngt von der zur\u00fcckgelegten Strecke und der Fahrzeugklasse ab.  <\/p>\n\n<ul>\n<li>Der ungef\u00e4hre Preis der <a href=\"https:\/\/dalnicniznamka.info\/de\/?p=1067\">Maut in Kroatien<\/a> f\u00fcr einen Pkw betr\u00e4gt <strong>7 EUR pro 100 km<\/strong>.<\/li>\n<\/ul>\n\n<p>Dar\u00fcber hinaus sind die meisten kroatischen Autobahnen <strong>w\u00e4hrend der Sommersaison<\/strong> vom 15. Juni bis 14. Im September (oder vom 1. Juni bis 30. September) werden die Autobahngeb\u00fchren <strong>um 10 % erh\u00f6ht<\/strong>. Kroatien <strong>wird<\/strong> im Jahr 2023 <strong>den Euro ein<\/strong>f\u00fchren. Sie k\u00f6nnen auch <strong>Kreditkarten<\/strong> verwenden.  <\/p>\n\n<div class=\"wp-block-buttons is-content-justification-center is-layout-flex wp-container-core-buttons-is-layout-5 wp-block-buttons-is-layout-flex\">\n<div class=\"wp-block-button has-custom-width wp-block-button__width-75 has-custom-font-size aligncenter is-style-outline has-medium-font-size\"><a class=\"wp-block-button__link has-text-color wp-element-button\" href=\"https:\/\/www.hac.hr\/en\/interactive-map\" style=\"border-radius:5px;color:#ee4035;padding-top:var(--wp--preset--spacing--30);padding-right:var(--wp--preset--spacing--30);padding-bottom:var(--wp--preset--spacing--30);padding-left:var(--wp--preset--spacing--30)\" target=\"_blank\" rel=\"noreferrer noopener\">Interaktive Karte mit Mautberechnung<\/a><\/div>\n<\/div>\n\n<h2 class=\"wp-block-heading\">Maut in Deutschland<\/h2>\n\n<p>In Deutschland k\u00f6nnen Sie Ihre Geb\u00fchrensorgen hinter sich lassen. Obwohl die deutschen Autobahnen in Bezug auf Dichte und Qualit\u00e4t ein Vorbild f\u00fcr Europa sind, wird die Maut keine Auswirkungen auf normale Autos haben. Mautgeb\u00fchren werden nur von Fahrzeugen mit einem Gewicht von mehr als 7,5 Tonnen erhoben.  <\/p>\n\n<p>Die Ausnahme best\u00e4tigt die Regel, und so gibt es zwei Orte, an denen <strong>Maut gezahlt wird: den Warnow- und den Herrentunnel<\/strong>.  <\/p>\n\n<ul>\n<li><a href=\"https:\/\/www.herrentunnel.de\/index.php\/maut-tarife\/maut-tarife-2.html\" target=\"_blank\" rel=\"noreferrer noopener\">Durchfahrt durch den Herrentunnel<\/a> = ca. 2 EUR<\/li>\n\n\n\n<li><a href=\"https:\/\/www.warnowquerung.de\/en\/prices\/\" target=\"_blank\" rel=\"noreferrer noopener\">Durchfahrt durch den Warnowtunnel<\/a> = 4-5 EUR je nach Saison<\/li>\n<\/ul>\n\n<h2 class=\"wp-block-heading\"><strong>Mautstellen in Frankreich<\/strong><\/h2>\n\n<p>Auf den franz\u00f6sischen Autobahnen wird ein <strong>Mautsystem<\/strong> verwendet, bei dem Sie <strong>die<\/strong> Maut <strong>bei der Durch<\/strong>fahrt bezahlen. Auch hier ziehen Sie beim Eintritt ein Ticket und bezahlen beim Austritt. Sie k\u00f6nnen mit Bargeld oder Karte bezahlen.<\/p>\n\n<ul>\n<li>Der Richtpreis f\u00fcr <a href=\"https:\/\/dalnicniznamka.info\/mytne-francie\/\">Mautgeb\u00fchren in Frankreich<\/a> betr\u00e4gt<strong> 8<\/strong> EUR<strong> pro 100 km<\/strong>.<\/li>\n<\/ul>\n\n<p>Auf einigen Autobahnen in Frankreich kann die Maut auch \u00fcber eine <strong>elektronische App<\/strong> bezahlt werden, ohne dass der Fahrer anhalten muss. Regelm\u00e4\u00dfige Autobahnbenutzer k\u00f6nnen elektronische <strong>Liber-t-Ger\u00e4te<\/strong> verwenden.<\/p>\n\n<h2 class=\"wp-block-heading\"><strong>Mautgeb\u00fchren in Belgien<\/strong><\/h2>\n\n<p>In Belgien gibt es <strong>keine Mautgeb\u00fchren<\/strong> auf der Autobahn <strong>in einem privaten Auto<\/strong>.  <\/p>\n\n<ul>\n<li>Lediglich f\u00fcr den <strong>Liefkenshoek-Tunnel<\/strong> wird eine Geb\u00fchr von <strong>6 EUR<\/strong> erhoben.<\/li>\n<\/ul>\n\n<p>Das belgische Mautsystem basiert <strong>auf Satellitentechnologie <\/strong>und wird in allen drei belgischen Regionen &#8211; Wallonien, Br\u00fcssel und Flandern &#8211; von <strong>Satellic<\/strong> verwaltet. Die Verpflichtung zur Zahlung der Maut in Form einer Mauteinheit gilt f\u00fcr Lastkraftwagen <strong>\u00fcber 3,5 Tonnen<\/strong>. Busse m\u00fcssen keine Mautgeb\u00fchren zahlen.<\/p>\n\n<h2 class=\"wp-block-heading\"><strong>Mautstellen in Italien<\/strong><\/h2>\n\n<p><a href=\"https:\/\/dalnicniznamka.info\/de\/?p=884\">In Italien kann die Autobahnmaut<\/a> entweder mit <strong>Kreditkarte oder Tankkarte<\/strong> oder <strong>in bar<\/strong> direkt an den Mautstellen bezahlt werden. Pkw-, Lkw- und Motorradfahrer m\u00fcssen Mautgeb\u00fchren zahlen. Neben den Autobahnen erhebt Italien auch f\u00fcr die Fahrt durch einige Tunnel Mautgeb\u00fchren.  <\/p>\n\n<p>Wenn Sie an der Mautstelle ankommen, achten Sie darauf, in welche Spur Sie einfahren: Einige akzeptieren nur Bargeld, andere nur Karten (und zwar physische Karten, nicht z. <strong>B. Zahlungen mit dem Handy<\/strong>), und wieder andere akzeptieren beides. <strong>Vermeiden Sie die gelben &#8222;T&#8220;-Spuren<\/strong> &#8211; sie sind nur f\u00fcr normale Benutzer mit einem automatischen System.  <\/p>\n\n<ul>\n<li> <span style=\"font-weight: 400;\"> Die H\u00f6he der Geb\u00fchr ist von Stra\u00dfe zu Stra\u00dfe unterschiedlich, aber <\/span><b>im Durchschnitt liegt sie bei 8 EUR pro 100 km<\/b><span style=\"font-weight: 400;\">. <\/span> <\/li>\n<\/ul>\n\n<p>Regelm\u00e4\u00dfige Autobahnbenutzer in Italien k\u00f6nnen die Viacard-Prepaid-Karte und das <strong>Telepass-Fahrzeugger\u00e4t<\/strong> nutzen. Aber Vorsicht auf der Autobahn  <strong>Pedemontano Lombardo in der N\u00e4he von Mailand, wo ein Free-Flow-System zur Mauterhebung eingesetzt wird. Die Maut muss daher zus\u00e4tzlich entrichtet werden<\/strong>.<\/p>\n","protected":false},"excerpt":{"rendered":"<p>Fahren Sie in den Urlaub und m\u00f6chten Sie den \u00dcberblick behalten, wo und wie viel Sie f\u00fcr Mautgeb\u00fchren bezahlen? Der Preis der Mautgeb\u00fchren h\u00e4ngt auch von den L\u00e4ndern ab, die Sie auf dem Weg zu Ihrem Ziel durchqueren. Sie k\u00f6nnen auch viel Geld sparen, wenn Sie sich im Voraus \u00fcber die spezifischen Mautgeb\u00fchren in jedem&#8230;<\/p>\n","protected":false},"author":1,"featured_media":805,"parent":0,"menu_order":0,"comment_status":"closed","ping_status":"open","template":"","meta":{"_kad_post_transparent":"","_kad_post_title":"","_kad_post_layout":"","_kad_post_sidebar_id":"","_kad_post_content_style":"","_kad_post_vertical_padding":"","_kad_post_feature":"","_kad_post_feature_position":"","_kad_post_header":false,"_kad_post_footer":false,"footnotes":""},"_links":{"self":[{"href":"https:\/\/dalnicniznamka.info\/de\/wp-json\/wp\/v2\/pages\/906"}],"collection":[{"href":"https:\/\/dalnicniznamka.info\/de\/wp-json\/wp\/v2\/pages"}],"about":[{"href":"https:\/\/dalnicniznamka.info\/de\/wp-json\/wp\/v2\/types\/page"}],"author":[{"embeddable":true,"href":"https:\/\/dalnicniznamka.info\/de\/wp-json\/wp\/v2\/users\/1"}],"replies":[{"embeddable":true,"href":"https:\/\/dalnicniznamka.info\/de\/wp-json\/wp\/v2\/comments?post=906"}],"version-history":[{"count":20,"href":"https:\/\/dalnicniznamka.info\/de\/wp-json\/wp\/v2\/pages\/906\/revisions"}],"predecessor-version":[{"id":1884,"href":"https:\/\/dalnicniznamka.info\/de\/wp-json\/wp\/v2\/pages\/906\/revisions\/1884"}],"wp:featuredmedia":[{"embeddable":true,"href":"https:\/\/dalnicniznamka.info\/de\/wp-json\/wp\/v2\/media\/805"}],"wp:attachment":[{"href":"https:\/\/dalnicniznamka.info\/de\/wp-json\/wp\/v2\/media?parent=906"}],"curies":[{"name":"wp","href":"https:\/\/api.w.org\/{rel}","templated":true}]}}