{"id":835,"date":"2018-05-26T11:00:23","date_gmt":"2018-05-26T10:00:23","guid":{"rendered":"https:\/\/dalnicniznamka.info\/mit-dem-auto-nach-italien-gebuehren-und-beste-routen\/"},"modified":"2023-11-09T22:08:00","modified_gmt":"2023-11-09T21:08:00","slug":"mit-dem-auto-nach-italien-gebuehren-und-beste-routen","status":"publish","type":"page","link":"https:\/\/dalnicniznamka.info\/de\/mit-dem-auto-nach-italien-gebuehren-und-beste-routen\/","title":{"rendered":"Mit dem Auto nach Italien: Geb\u00fchren und beste Routen"},"content":{"rendered":"<div class=\"wp-block-image\">\n<figure class=\"alignright\"><a href=\"https:\/\/dalnicniznamka.info\/wp-content\/uploads\/2018\/05\/auta.jpeg\"><img loading=\"lazy\" decoding=\"async\" width=\"300\" height=\"200\" src=\"https:\/\/dalnicniznamka.info\/wp-content\/uploads\/2018\/05\/auta-300x200.jpeg\" alt=\"Autos\" class=\"wp-image-95\" srcset=\"https:\/\/dalnicniznamka.info\/wp-content\/uploads\/2018\/05\/auta-300x200.jpeg 300w, https:\/\/dalnicniznamka.info\/wp-content\/uploads\/2018\/05\/auta-768x512.jpeg 768w, https:\/\/dalnicniznamka.info\/wp-content\/uploads\/2018\/05\/auta-1024x682.jpeg 1024w, https:\/\/dalnicniznamka.info\/wp-content\/uploads\/2018\/05\/auta.jpeg 1880w\" sizes=\"(max-width: 300px) 100vw, 300px\" \/><\/a><\/figure><\/div>\n<p><b><i>Es gibt zwei Hauptrouten nach Italien &#8211; die westliche \u00fcber Deutschland und die s\u00fcdliche \u00fcber \u00d6sterreich. Es kommt darauf an, ob Sie aus dem \u00f6stlichen oder westlichen Teil des Landes kommen. Hier finden Sie einen \u00dcberblick dar\u00fcber, was Sie auf den einzelnen Strecken erwartet, wie hoch die Mautgeb\u00fchren sind und wie viel Geld Sie die Reise am Ende kosten wird.<\/i><\/b><\/p>\n\n<h2 class=\"wp-block-heading\"><span style=\"font-weight: 400;\">Schnellste Routen nach Abfahrts- und Ankunftsort<\/span><\/h2>\n\n<p><span style=\"font-weight: 400;\">Br\u00fcnn und Prag repr\u00e4sentieren den westlichen und \u00f6stlichen Teil des Landes. Also haben wir die Routen von diesen Orten aus geplant.<\/span><\/p>\n\n<h3 class=\"wp-block-heading\"><span style=\"font-weight: 400;\">Von Prag nach Venedig<\/span><\/h3>\n\n<p><span style=\"font-weight: 400;\">Der schnellste Weg ist dieser:  <\/span><b>Prag &#8211; \u010cesk\u00e9 Bud\u011bjovice &#8211; Linz &#8211; Salzburg &#8211; Villach &#8211; Udine &#8211; Venedig. Prag &#8211; Venedig: 9 h, 822 km<\/b><span style=\"font-weight: 400;\">. Die folgende Option ist etwas l\u00e4nger, aber wenn Sie einen agileren Fahrstil bevorzugen, werden Sie sie vorziehen. Sie verl\u00e4uft auch durch Deutschland, aber die Autos in Deutschland brauchen keine Vignette.  <\/span><b>Prag &#8211; Pilsen &#8211; Reich &#8211; M\u00fcnchen &#8211; Kufstein &#8211; Innsbruck &#8211; Bozen &#8211; Verona &#8211; Venedig 9 h 15 min, 927 km.<\/b><\/p>\n\n<h3 class=\"wp-block-heading\"><span style=\"font-weight: 400;\">Von Prag nach Mailand<\/span><\/h3>\n\n<p><span style=\"font-weight: 400;\">Eine M\u00f6glichkeit, nach Mailand zu gelangen, besteht darin, die gleiche Route wie nach Venedig \u00fcber Deutschland zu nehmen. Von Verona aus biegen Sie einfach nach Westen statt nach Osten ab und fahren den Rest des Weges bis Mailand:  <\/span><b>Prag &#8211; Pilsen &#8211; Reich &#8211; M\u00fcnchen &#8211; Kufstein &#8211; Innsbruck &#8211; Bozen &#8211; Verona &#8211; Mailand 10 h, 948 km. <\/b><span style=\"font-weight: 400;\">Die zweite Variante f\u00fchrt durch Deutschland und die Schweiz: <\/span><b>Prag &#8211; Pilsen &#8211; Reisno &#8211; M\u00fcnchen &#8211; Memmingen &#8211; Dornbirn &#8211; Chur &#8211; Lugano &#8211; Mailand 9 Std., 867 km.<\/b><\/p>\n\n<h3 class=\"wp-block-heading\"><span style=\"font-weight: 400;\">Von Br\u00fcnn nach Venedig<\/span><\/h3>\n\n<p><span style=\"font-weight: 400;\">Ein schneller und einfacher Weg:  <\/span><b>Br\u00fcnn &#8211; Wien &#8211; Leoben &#8211; Villach &#8211; Venedig. Br\u00fcnn &#8211; Venedig: 7,5 Stunden, 709 km.<\/b><\/p>\n\n<h3 class=\"wp-block-heading\"><span style=\"font-weight: 400;\">Von Br\u00fcnn nach Mailand<\/span><\/h3>\n\n<p><b>Br\u00fcnn &#8211; Wien &#8211; Salzburg &#8211; Innsbruck &#8211; Trient &#8211; Brescia &#8211; Mailand. Br\u00fcnn &#8211; Mailand: 10 h 20 min, 1 012 km.<\/b><\/p>\n\n<h3 class=\"wp-block-heading\"><span style=\"font-weight: 400;\">Turin\/Genua<\/span><\/h3>\n\n<p><span style=\"font-weight: 400;\">Von wo aus man auch kommt, die Route ist die gleiche wie nach Mailand, und von dort aus geht es weiter:  <\/span><\/p>\n\n<ul>\n<li><b>Mailand-Turin 2 h 10 min, 145 km<\/b><\/li>\n\n\n\n<li><b>Mailand-Genua 2 h 15 min, 148 km<\/b><\/li>\n<\/ul>\n\n<p><span style=\"font-weight: 400;\">Es gibt nicht mehr viele M\u00f6glichkeiten, um vom Norden Italiens in den S\u00fcden zu gelangen &#8211; in der Regel gibt es einen mehr oder weniger direkten &#8222;richtigen Weg&#8220;, um an das gew\u00fcnschte Ziel zu gelangen.<\/span><\/p>\n\n<h3 class=\"wp-block-heading\"><span style=\"font-weight: 400;\">Rom<\/span><\/h3>\n<div class=\"wp-block-image\">\n<figure class=\"alignright\"><a href=\"https:\/\/dalnicniznamka.info\/wp-content\/uploads\/2018\/05\/rim.jpg\"><img loading=\"lazy\" decoding=\"async\" width=\"300\" height=\"168\" src=\"https:\/\/dalnicniznamka.info\/wp-content\/uploads\/2018\/05\/rim-300x168.jpg\" alt=\"Rom\" class=\"wp-image-96\" srcset=\"https:\/\/dalnicniznamka.info\/wp-content\/uploads\/2018\/05\/rim-300x168.jpg 300w, https:\/\/dalnicniznamka.info\/wp-content\/uploads\/2018\/05\/rim.jpg 640w\" sizes=\"(max-width: 300px) 100vw, 300px\" \/><\/a><\/figure><\/div>\n<p><span style=\"font-weight: 400;\">Wenn Sie aus Prag kommen, fahren Sie von Verona aus weiter nach S\u00fcden und sind in 5,5 Stunden in Rom. Das Gleiche gilt f\u00fcr die Anreise von Br\u00fcnn \u00fcber Venedig.<\/span> <span style=\"font-weight: 400;\">Weiter s\u00fcdlich nach Palermo sind es mit dem Auto 10 Stunden und mit dem Flugzeug von Prag aus nur 4 Stunden.<\/span><\/p>\n\n<p class=\"has-very-light-gray-to-cyan-bluish-gray-gradient-background has-background\"><i><span style=\"font-weight: 400;\"><strong>Tipp:<\/strong> Wenn Sie Rom besichtigen wollen, lassen Sie Ihr Auto an der Peripherie stehen. Selbst dort werden Sie ein Problem haben, zu parken, in der Stadt selbst ist es unm\u00f6glich.<\/span><\/i><\/p>\n\n<p><span style=\"font-weight: 400;\">Hier finden Sie die aktuellen Preise <\/span><a href=\"https:\/\/www.globalpetrolprices.com\/italy\/diesel_prices\/\" target=\"_blank\" rel=\"noreferrer noopener\">\n  <span style=\"font-weight: 400;\">Diesel<\/span>\n<\/a><span style=\"font-weight: 400;\"> a <\/span><a href=\"https:\/\/www.globalpetrolprices.com\/Italy\/gasoline_prices\/\" target=\"_blank\" rel=\"noreferrer noopener\">\n  <span style=\"font-weight: 400;\">benzin<\/span>\n<\/a><span style=\"font-weight: 400;\">.<\/span><\/p>\n\n<h2 class=\"wp-block-heading\"><span style=\"font-weight: 400;\">Vignette und Mautgeb\u00fchren<\/span><\/h2>\n\n<h3 class=\"wp-block-heading\"><span style=\"font-weight: 400;\">Deutschland<\/span><\/h3>\n\n<p><span style=\"font-weight: 400;\">In <a href=\"https:\/\/dalnicniznamka.info\/de\/?p=985\" target=\"_blank\" rel=\"noreferrer noopener\">Deutschland zahlen<\/a> nur Autofahrer <a href=\"https:\/\/dalnicniznamka.info\/de\/?p=985\" target=\"_blank\" rel=\"noreferrer noopener\">Mautgeb\u00fchren<\/a> <\/span><b>\u00fcber 7,5 t<\/b><span style=\"font-weight: 400;\">. In Deutschland gibt es kein Tempolimit auf der Autobahn. Die Fahrt ist also z\u00fcgig und kostenlos.<\/span><\/p>\n\n<h3 class=\"wp-block-heading\"><span style=\"font-weight: 400;\">\u00d6sterreich<\/span><\/h3>\n\n<p><span style=\"font-weight: 400;\">In <a href=\"https:\/\/dalnicniznamka.info\/de\/?p=965\" target=\"_blank\" rel=\"noreferrer noopener\">\u00d6sterreich<\/a> kommt man um die Vignette nicht herum &#8211; zumindest empfehlen wir sie nicht wegen der m\u00f6glichen <\/span><b>Bu\u00dfgelder<\/b><span style=\"font-weight: 400;\"><strong>\u011b<\/strong>. <\/span> <b>Der Stempel muss so angebracht werden, dass er von dem Erkennungssystem der \u00f6sterreichischen Polizei gelesen werden kann. Ich meine. in der linken oberen Ecke der Windschutzscheibe oder unter dem mittleren R\u00fcckspiegel.  <\/b><\/p>\n\n<p><span style=\"font-weight: 400;\">Je nach gew\u00e4hlter Route sollten Sie auf dem Weg nicht mehr als zwei Tunnels sehen. Die Geb\u00fchr f\u00fcr die Passage betr\u00e4gt etwa 10 \u20ac.  <\/span><\/p>\n\n<h3 class=\"wp-block-heading\"><span style=\"font-weight: 400;\">Italien<\/span><\/h3>\n\n<p><span style=\"font-weight: 400;\">In <a href=\"https:\/\/dalnicniznamka.info\/de\/?page_id=906\">Italien werden sie verwendet <\/a><\/span><b><a href=\"https:\/\/dalnicniznamka.info\/de\/?page_id=906\">Mautstellen<\/a> &#8211; ein System der Bezahlung auf der Grundlage der gefahrenen Kilometer <\/b> <span style=\"font-weight: 400;\">zwischen jedem Tor. Zahlbar bei der Abreise, in bar oder<strong> mit Karte<\/strong><\/span>. <span style=\"font-weight: 400;\">Der Preis betr\u00e4gt<\/span> im <span style=\"font-weight: 400;\">Durchschnitt <strong>8<\/strong><\/span><b> \u20ac\/100 km<\/b><span style=\"font-weight: 400;\">. Es lohnt sich nicht, Mautstrecken in h\u00fcgeligem Gel\u00e4nde zu umfahren, denn was man an Mautgeb\u00fchren spart, gibt man an Benzin aus und es kostet mehr Zeit.<\/span><\/p>\n\n<h2 class=\"wp-block-heading\"><i><span style=\"font-weight: 400;\">Endpreis nach Italien mit dem Auto<\/span><\/i><\/h2>\n\n<p><b><i>Der Preis f\u00fcr Benzin (35 CZK\/l) von Prag nach Mailand und zur\u00fcck (2x 900 km) betr\u00e4gt etwa 5.000 CZK bei einem Durchschnittsverbrauch von 7 l\/100 km.  <\/i><\/b><\/p>\n\n<p><b><i>Von Br\u00fcnn nach Venedig (2x 740 km) k\u00f6nnen Sie 4000 CZK einplanen. F\u00fcr Vignetten und Mautgeb\u00fchren zahlen Sie bei einem zehnt\u00e4gigen Aufenthalt bis zu 2.200 CZK (+310 CZK tschechische Briefmarke) und bei einem zehnt\u00e4gigen Aufenthalt bis zu 2.500 CZK (+440 CZK tschechische Briefmarke). Der Gesamtpreis liegt zwischen 5.500 und 6.800 CZK.<\/i><\/b><\/p>\n\n<p>Wenn Sie nicht oft lange Strecken fahren, kann es von Vorteil sein, Ihre Fahrkenntnisse aufzufrischen. Es bieten sich verschiedene Fahrkurse an, die im ganzen Land absolviert werden k\u00f6nnen. Sie k\u00f6nnen auch Ihre Lieben bitten, Ihnen einen solchen Kurs zu schenken. Ein n\u00fctzlicher <strong><a href=\"https:\/\/darujpoukaz.cz\/auto-moto\" target=\"_blank\" rel=\"noreferrer noopener\">Geschenkgutschein f\u00fcr einen Fahrkurs<\/a> oder zur Verbesserung der Fahrtechnik<\/strong> kann immer n\u00fctzlich sein.<\/p>\n","protected":false},"excerpt":{"rendered":"<p>Es gibt zwei Hauptrouten nach Italien &#8211; die westliche \u00fcber Deutschland und die s\u00fcdliche \u00fcber \u00d6sterreich. Es kommt darauf an, ob Sie aus dem \u00f6stlichen oder westlichen Teil des Landes kommen. Hier finden Sie einen \u00dcberblick dar\u00fcber, was Sie auf den einzelnen Strecken erwartet, wie hoch die Mautgeb\u00fchren sind und wie viel Geld Sie die&#8230;<\/p>\n","protected":false},"author":1,"featured_media":0,"parent":0,"menu_order":0,"comment_status":"closed","ping_status":"closed","template":"","meta":{"_kad_post_transparent":"","_kad_post_title":"","_kad_post_layout":"","_kad_post_sidebar_id":"","_kad_post_content_style":"","_kad_post_vertical_padding":"","_kad_post_feature":"","_kad_post_feature_position":"","_kad_post_header":false,"_kad_post_footer":false,"footnotes":""},"_links":{"self":[{"href":"https:\/\/dalnicniznamka.info\/de\/wp-json\/wp\/v2\/pages\/835"}],"collection":[{"href":"https:\/\/dalnicniznamka.info\/de\/wp-json\/wp\/v2\/pages"}],"about":[{"href":"https:\/\/dalnicniznamka.info\/de\/wp-json\/wp\/v2\/types\/page"}],"author":[{"embeddable":true,"href":"https:\/\/dalnicniznamka.info\/de\/wp-json\/wp\/v2\/users\/1"}],"replies":[{"embeddable":true,"href":"https:\/\/dalnicniznamka.info\/de\/wp-json\/wp\/v2\/comments?post=835"}],"version-history":[{"count":4,"href":"https:\/\/dalnicniznamka.info\/de\/wp-json\/wp\/v2\/pages\/835\/revisions"}],"predecessor-version":[{"id":872,"href":"https:\/\/dalnicniznamka.info\/de\/wp-json\/wp\/v2\/pages\/835\/revisions\/872"}],"wp:attachment":[{"href":"https:\/\/dalnicniznamka.info\/de\/wp-json\/wp\/v2\/media?parent=835"}],"curies":[{"name":"wp","href":"https:\/\/api.w.org\/{rel}","templated":true}]}}