{"id":1008,"date":"2020-01-08T10:07:15","date_gmt":"2020-01-08T09:07:15","guid":{"rendered":"https:\/\/dalnicniznamka.info\/autobahnvignette-in-der-tschechischen-republik\/unbemautete-abschnitte-von-autobahnen\/"},"modified":"2023-11-09T22:19:00","modified_gmt":"2023-11-09T21:19:00","slug":"unbemautete-abschnitte-von-autobahnen","status":"publish","type":"page","link":"https:\/\/dalnicniznamka.info\/de\/autobahnvignette-in-der-tschechischen-republik\/unbemautete-abschnitte-von-autobahnen\/","title":{"rendered":"Unbemautete Abschnitte von Autobahnen"},"content":{"rendered":"\n<p><strong>Die nicht mautpflichtigen Stra\u00dfenabschnitte sind mit dem Schild &#8222;Autobahn&#8220; gekennzeichnet und mit dem Zusatzschild &#8222;Geb\u00fchrenfrei&#8220; oder &#8222;Geb\u00fchrenfrei und mautpflichtig&#8220; erg\u00e4nzt. F\u00fcr die Benutzung dieser Stra\u00dfen ben\u00f6tigen Sie keine <a href=\"https:\/\/dalnicniznamka.info\/de\/?page_id=950\">elektronische Vignette<\/a>.  <\/strong><\/p>\n<style>.kb-table-of-content-nav.kb-table-of-content-id141_88552c-0a .kb-table-of-content-wrap{padding-top:var(--global-kb-spacing-sm, 1.5rem);padding-right:var(--global-kb-spacing-sm, 1.5rem);padding-bottom:var(--global-kb-spacing-sm, 1.5rem);padding-left:var(--global-kb-spacing-sm, 1.5rem);}.kb-table-of-content-nav.kb-table-of-content-id141_88552c-0a .kb-table-of-contents-title-wrap{padding-top:0px;padding-right:0px;padding-bottom:0px;padding-left:0px;}.kb-table-of-content-nav.kb-table-of-content-id141_88552c-0a .kb-table-of-contents-title{font-weight:regular;font-style:normal;}.kb-table-of-content-nav.kb-table-of-content-id141_88552c-0a .kb-table-of-content-wrap .kb-table-of-content-list{font-weight:regular;font-style:normal;margin-top:var(--global-kb-spacing-sm, 1.5rem);margin-right:0px;margin-bottom:0px;margin-left:0px;}<\/style><div class=\"wp-block-image\">\n<figure class=\"aligncenter\"><img decoding=\"async\" src=\"https:\/\/www.sfdi.cz\/soubory\/obrazky-clanky\/dk\/dalnice_zacatek_2016.jpg\" alt=\"Marke - Highway\"\/><\/figure><\/div><div class=\"wp-block-image\">\n<figure class=\"aligncenter\"><img decoding=\"async\" src=\"https:\/\/www.sfdi.cz\/soubory\/obrazky-clanky\/dk\/dalnice_bez_p_2016.jpg\" alt=\"Marke - Highway\"\/><\/figure><\/div><div class=\"wp-block-image\">\n<figure class=\"aligncenter\"><img decoding=\"async\" src=\"https:\/\/www.sfdi.cz\/soubory\/obrazky-clanky\/dk\/dalnice_bez_pm_2016.jpg\" alt=\"Marke - Highway\"\/><\/figure><\/div>\n<h2 class=\"wp-block-heading\"><span style=\"color: #ff0000;\"><strong>Prag:<\/strong><\/span><\/h2>\n\n<p><strong>D0<\/strong> K Barrandov Stra\u00dfe (vom Prager Ring in Richtung Barrandov). (Ausfahrt 16)<\/p>\n\n<p><strong>D1<\/strong> Spo\u0159ilov bis Chodov (Ausfahrt 2)<\/p>\n\n<p><strong>D6<\/strong> Prag nach Jene\u010d (Ausfahrt 7)<\/p>\n\n<p><strong>D7<\/strong> Prag nach Kne\u017eeves (Ausfahrt 3)<\/p>\n\n<p><strong>D10<\/strong> Prag nach Star\u00e1 Boleslav (Ausfahrt 14)<\/p>\n\n<p><strong>D11 <\/strong>Prag nach Jirny (Ausfahrt 8)<\/p>\n\n<h2 class=\"wp-block-heading\"><span style=\"color: #ff0000;\"><strong>Br\u00fcnn:<\/strong><\/span><\/h2>\n\n<p><strong>D1<\/strong> Holubice bis K\u00fdvalka (Ausfahrt 182 bis 210)<\/p>\n\n<p><strong>D2<\/strong> Brno nach Chrlice (Ausfahrt 3)<\/p>\n\n<h2 class=\"wp-block-heading\"><span style=\"color: #ff0000;\"><strong>Hradec Kr\u00e1lov\u00e9:<\/strong><\/span><\/h2>\n\n<p><strong>D11<\/strong> Sedlice bis Kukleny (Ausfahrt 84 bis 90)<\/p>\n\n<p><strong>D35<\/strong> Sedlice bis Opatovice nad Labem (Ausfahrten 126 bis 129)<\/p>\n\n<h2 class=\"wp-block-heading\"><span style=\"color: #ff0000;\">Andere Abschnitte ohne Vignette:<\/span><\/h2>\n\n<p><strong>D1 <\/strong>Umgehungsstra\u00dfe Kromeriz (Ausfahrt 258 bis 260)<\/p>\n\n<p><strong>D1<\/strong> Ostrava-Rudn\u00e1 (Ausfahrt 354) bis zur polnischen Grenze<\/p>\n\n<p><strong>D2<\/strong> in Richtung \u00d6sterreich bis zum Rastplatz bei Lan\u017ehot, in der Gegenrichtung gilt folgendes<\/p>\n\n<p><strong>D3<\/strong> in der N\u00e4he von \u010cesk\u00e9 Bud\u011bjovice<\/p>\n\n<p><strong>D3<\/strong> Vesel\u00ed nad Lu\u017enic\u00ed nach Bo\u0161ilec<\/p>\n\n<p><strong>D3<\/strong> in der N\u00e4he von T\u00e1bor von \u010cekanice nach M\u011b\u0161ice (Ausfahrt 76 bis 79)<\/p>\n\n<p><strong>D4<\/strong> in der Umgebung von P\u00edsek von Radobytec bis P\u0159edotice<\/p>\n\n<p><strong>D5<\/strong> Umgehung Beroun: (Ausfahrt E14 &#8211; 22)<\/p>\n\n<p><strong>D5<\/strong> Umgehungsstra\u00dfe Plze\u0148: Ejpovice bis Sulkov (Ausfahrt 67-89)<\/p>\n\n<p><strong>D6<\/strong> Cheb bis Karlovy variieren<\/p>\n\n<p>Abschnitt der <strong>D6<\/strong>, der durch das Dorf Lubenec f\u00fchrt<\/p>\n\n<p><strong>D7<\/strong> Louny nach Chomutov<\/p>\n\n<p><strong>D8<\/strong> von der Grenze bis zur Ausfahrt 65 (nach \u00dast\u00ed n. Labem). In Richtung der Grenze ist die Maut ab Kn\u00ednice (Ausfahrt 80) zu entrichten.<\/p>\n\n<p><strong>D10<\/strong> um Mlad\u00e1 Boleslav von Bezd\u011b\u010d\u00edn nach Kosmonosy (Ausfahrten 39 bis 46)<\/p>\n\n<p><strong>D35<\/strong> in der Umgebung von Olomouc von K\u0159elov bis Holice (Ausfahrten 261 bis 276)<\/p>\n\n<p><strong>D46<\/strong> Prost\u011bjov-S\u00fcd nach Dra\u017eovice (Ausfahrten 21 bis 26)<\/p>\n\n<p><strong>D46<\/strong> Hn\u011bvot\u00edn bis Olomouc-Slavon\u00edn (37. bis 39. km)<\/p>\n\n<p><strong>D48<\/strong> von P\u0159\u00edbor nach Fr\u00fddek-M\u00edstek<\/p>\n\n<p><strong>D52<\/strong> bei Poho\u0159elice von Ausfahrt 23 bis Ausfahrt 26<\/p>\n\n<p><strong>D55<\/strong> von Zl\u00edn nach Otrokovice-Nord, g\u00fcltig ab Ausfahrt 30<\/p>\n","protected":false},"excerpt":{"rendered":"<p>Die nicht mautpflichtigen Stra\u00dfenabschnitte sind mit dem Schild &#8222;Autobahn&#8220; gekennzeichnet und mit dem Zusatzschild &#8222;Geb\u00fchrenfrei&#8220; oder &#8222;Geb\u00fchrenfrei und mautpflichtig&#8220; erg\u00e4nzt. F\u00fcr die Benutzung dieser Stra\u00dfen ben\u00f6tigen Sie keine elektronische Vignette. Prag: D0 K Barrandov Stra\u00dfe (vom Prager Ring in Richtung Barrandov). (Ausfahrt 16) D1 Spo\u0159ilov bis Chodov (Ausfahrt 2) D6 Prag nach Jene\u010d (Ausfahrt 7)&#8230;<\/p>\n","protected":false},"author":1,"featured_media":0,"parent":826,"menu_order":0,"comment_status":"closed","ping_status":"closed","template":"","meta":{"_kad_post_transparent":"","_kad_post_title":"","_kad_post_layout":"","_kad_post_sidebar_id":"","_kad_post_content_style":"","_kad_post_vertical_padding":"","_kad_post_feature":"","_kad_post_feature_position":"","_kad_post_header":false,"_kad_post_footer":false,"footnotes":""},"_links":{"self":[{"href":"https:\/\/dalnicniznamka.info\/de\/wp-json\/wp\/v2\/pages\/1008"}],"collection":[{"href":"https:\/\/dalnicniznamka.info\/de\/wp-json\/wp\/v2\/pages"}],"about":[{"href":"https:\/\/dalnicniznamka.info\/de\/wp-json\/wp\/v2\/types\/page"}],"author":[{"embeddable":true,"href":"https:\/\/dalnicniznamka.info\/de\/wp-json\/wp\/v2\/users\/1"}],"replies":[{"embeddable":true,"href":"https:\/\/dalnicniznamka.info\/de\/wp-json\/wp\/v2\/comments?post=1008"}],"version-history":[{"count":20,"href":"https:\/\/dalnicniznamka.info\/de\/wp-json\/wp\/v2\/pages\/1008\/revisions"}],"predecessor-version":[{"id":1930,"href":"https:\/\/dalnicniznamka.info\/de\/wp-json\/wp\/v2\/pages\/1008\/revisions\/1930"}],"up":[{"embeddable":true,"href":"https:\/\/dalnicniznamka.info\/de\/wp-json\/wp\/v2\/pages\/826"}],"wp:attachment":[{"href":"https:\/\/dalnicniznamka.info\/de\/wp-json\/wp\/v2\/media?parent=1008"}],"curies":[{"name":"wp","href":"https:\/\/api.w.org\/{rel}","templated":true}]}}